{"id":3225,"date":"2019-07-02T18:14:00","date_gmt":"2019-07-02T16:14:00","guid":{"rendered":"https:\/\/kaho-coaching.com\/mrityunjoy-samaddar\/"},"modified":"2026-02-10T17:26:37","modified_gmt":"2026-02-10T16:26:37","slug":"mrityunjoy-samaddar","status":"publish","type":"page","link":"https:\/\/kaho-coaching.com\/de\/mrityunjoy-samaddar\/","title":{"rendered":"MrityunJOY Samaddar"},"content":{"rendered":"<p>[vc_row full_width=&#8220;stretch_row&#8220; content_placement=&#8220;middle&#8220; css=&#8220;.vc_custom_1560244442938{padding-top: 30px !important;padding-bottom: 30px !important;background-color: #d9e7ea !important;}&#8220;][vc_column width=&#8220;1\/2&#8243;][vc_column_text]<\/p>\n<h2 style=\"text-align: center;\">Mrityunjoy Samaddar (Joy)<\/h2>\n<h3 style=\"text-align: center;\">Werte, Erf\u00fcllung, Lebenszweck und Wachstumsmentalit\u00e4t<\/h3>\n<h4 style=\"text-align: center;\"><em>\u201eMit Ihrem schwankenden Schiff werde ich durch die raue See fliegen&#8230; Ich werde Sie zu Ihrem eigenen Leuchtturm f\u00fchren&#8230; bis zu Ihrem sicheren Hafen.\u201c<\/em><\/h4>\n<pre><div class=\"progress_icons\" data-active=\"10\" data-color=\"\"><span class=\"progress_icon\"><i class=\"icon-thumbs-up\"><\/i><\/span><span class=\"progress_icon\"><i class=\"icon-thumbs-up\"><\/i><\/span><span class=\"progress_icon\"><i class=\"icon-thumbs-up\"><\/i><\/span><span class=\"progress_icon\"><i class=\"icon-thumbs-up\"><\/i><\/span><span class=\"progress_icon\"><i class=\"icon-thumbs-up\"><\/i><\/span><span class=\"progress_icon\"><i class=\"icon-thumbs-up\"><\/i><\/span><span class=\"progress_icon\"><i class=\"icon-thumbs-up\"><\/i><\/span><span class=\"progress_icon\"><i class=\"icon-thumbs-up\"><\/i><\/span><span class=\"progress_icon\"><i class=\"icon-thumbs-up\"><\/i><\/span><span class=\"progress_icon\"><i class=\"icon-thumbs-up\"><\/i><\/span><\/div>\n<\/pre>\n<p>[\/vc_column_text][\/vc_column][vc_column width=&#8220;1\/2&#8243;][vc_single_image image=&#8220;3226&#8243; img_size=&#8220;309&#215;463&#8243; alignment=&#8220;center&#8220; style=&#8220;vc_box_rounded&#8220; css_animation=&#8220;fadeIn&#8220;][\/vc_column][\/vc_row][vc_row full_width=&#8220;stretch_row&#8220; css=&#8220;.vc_custom_1560229157019{padding-top: 60px !important;padding-bottom: 60px !important;}&#8220;][vc_column width=&#8220;1\/4&#8243;]<div class=\"quick_fact align_center animate-math\"><div class=\"number-wrapper\"><span class=\"number\" data-to=\"200\">200<\/span><span class=\"label postfix\">+<\/span><\/div><h3 class=\"title\">Coaching-Stunden<\/h3><hr class=\"hr_narrow\" \/><div class=\"desc\"><\/div><\/div>\n[\/vc_column][vc_column width=&#8220;1\/4&#8243;]<div class=\"quick_fact align_center animate-math\"><div class=\"number-wrapper\"><span class=\"number\" data-to=\"4\">4<\/span><\/div><h3 class=\"title\">Coaching-Sprachen<\/h3><hr class=\"hr_narrow\" \/><div class=\"desc\"><\/div><\/div>\n[\/vc_column][vc_column width=&#8220;1\/4&#8243;]<div class=\"quick_fact align_center animate-math\"><div class=\"number-wrapper\"><span class=\"number\" data-to=\"5\">5<\/span><span class=\"label postfix\">+<\/span><\/div><h3 class=\"title\">Jahre Coaching-Erfahrung<\/h3><hr class=\"hr_narrow\" \/><div class=\"desc\"><\/div><\/div>\n[\/vc_column][vc_column width=&#8220;1\/4&#8243;]<div class=\"quick_fact align_center animate-math\"><div class=\"number-wrapper\"><span class=\"number\" data-to=\"37\">37<\/span><\/div><h3 class=\"title\">Besuchte L\u00e4nder<\/h3><hr class=\"hr_narrow\" \/><div class=\"desc\"><\/div><\/div>\n[\/vc_column][\/vc_row][vc_row full_width=&#8220;stretch_row&#8220; css=&#8220;.vc_custom_1561986109721{background-color: #d9e7ea !important;}&#8220;][vc_column width=&#8220;1\/4&#8243;][\/vc_column][vc_column width=&#8220;1\/2&#8243;][vc_btn title=&#8220;Coaching buchen&#8220; color=&#8220;black&#8220; size=&#8220;lg&#8220; align=&#8220;center&#8220; i_icon_fontawesome=&#8220;fa fa-shopping-cart&#8220; button_block=&#8220;true&#8220; add_icon=&#8220;true&#8220; link=&#8220;url:mailto%3Ajoy%40kaho-coaching.com|&#8220;][\/vc_column][vc_column width=&#8220;1\/4&#8243;][\/vc_column][\/vc_row][vc_row full_width=&#8220;stretch_row&#8220; content_placement=&#8220;middle&#8220; css=&#8220;.vc_custom_1560229398471{padding-top: 35px !important;padding-bottom: 60px !important;background-color: #f2f3f5 !important;}&#8220;][vc_column width=&#8220;1\/3&#8243;][vc_empty_space height=&#8220;30px&#8220;][vc_column_text]<\/p>\n<h1 style=\"text-align: center;\">Mehr \u00fcber mich erfahren<\/h1>\n<p>[\/vc_column_text][vc_empty_space height=&#8220;30px&#8220;][\/vc_column][vc_column width=&#8220;2\/3&#8243; css=&#8220;.vc_custom_1560229378578{border-left-width: 3px !important;border-left-color: #1a5d66 !important;border-left-style: solid !important;}&#8220;][vc_tta_accordion color=&#8220;white&#8220; active_section=&#8220;111&#8243; collapsible_all=&#8220;true&#8220;][vc_tta_section title=&#8220;Coaching-Sprache&#8220; tab_id=&#8220;1558597193007-e9408394-7075&#8243;][vc_column_text]Bengalisch, Hindi, Englisch, Deutsch[\/vc_column_text][\/vc_tta_section][vc_tta_section title=&#8220;Meine Philosophie&#8220; tab_id=&#8220;1562064340677-d3c1d649-8ada&#8220;][vc_column_text]<\/p>\n<ol>\n<li>GLOBAL DENKEN (\u201edas gro\u00dfe Ganze, langfristig\u201c),<\/li>\n<li>LOKAL HANDELN (\u201eN\u00e4chstenliebe beginnt zu Hause\u201c).<\/li>\n<li>Mein einziger Vergleich &amp; Wettbewerb ist mit mir selbst \u2013 bin ich heute ein besserer Mensch als das Ich von gestern?<\/li>\n<\/ol>\n<p>Das Befolgen dieser Philosophien macht mich gl\u00fccklich.[\/vc_column_text][\/vc_tta_section][vc_tta_section title=&#8220;Was ist Ihr beruflicher Hintergrund?&#8220; tab_id=&#8220;1558597193086-d170018c-04bd&#8220;][vc_column_text]Ein professioneller Chemieingenieur mit \u00fcber 20 Jahren globaler Industrieerfahrung in Technologieentwicklung, Vertrieb &amp; Gesch\u00e4ftsentwicklung sowie Unternehmertum in den Bereichen gr\u00fcne Energie und gr\u00fcne Chemie. Ich bin auch leidenschaftlich und enthusiastisch in Bezug auf Entwicklungen in den Bereichen KI und maschinelles Lernen, unterst\u00fctzt durch meine Ausbildung in K\u00fcnstlicher Intelligenz und deren Auswirkungen auf die Gesch\u00e4ftsstrategie an der MIT Sloan Business School.[\/vc_column_text][\/vc_tta_section][vc_tta_section title=&#8220;Was ist Ihre Coaching-Expertise?&#8220; tab_id=&#8220;1558597456028-75193eec-c4ed&#8220;][vc_column_text]Professioneller Co-Active\u00ae Coach, ausgebildet von CTI, seit Januar 2018, mit Fokus auf das Finden der pers\u00f6nlichen Kernwerte des Klienten, Erf\u00fcllung im Leben\/in der Karriere, den Aufbau einer kontinuierlichen Verbesserung und einer Wachstumsmentalit\u00e4t, insbesondere f\u00fcr Studenten und junge Berufst\u00e4tige.<br \/>\nIch bin auch leidenschaftlich im Coaching der menschlichen Seite und der gesch\u00e4ftlichen Auswirkungen im Kontext von KI- und ML-Entwicklungen.[\/vc_column_text][\/vc_tta_section][vc_tta_section title=&#8220;Was lieben Sie, wenn Sie nicht arbeiten?&#8220; tab_id=&#8220;1558597502191-f81ef72e-8367&#8243;][vc_column_text]Familie, Fu\u00dfball und B\u00fccher![\/vc_column_text][\/vc_tta_section][vc_tta_section title=&#8220;Meine Klienten sagen \u00fcber mich, dass ich&#8230;&#8220; tab_id=&#8220;1561488486129-1b6ad342-78ef&#8220;]<div class=\"blockquote\"><blockquote>\u201eJoy ist rational optimistisch, aufgeschlossen, ein Champion im Ermutigen, beharrlich bei Folgema\u00dfnahmen und auch lustig.\u201c<\/blockquote><\/div>\n[\/vc_tta_section][\/vc_tta_accordion][\/vc_column][\/vc_row][vc_row][vc_column width=&#8220;1\/3&#8243;]<div class=\"icon_box icon_position_top has_border\"><div class=\"icon_wrapper\"><div class=\"icon\"><i class=\"icon-email\"><\/i><\/div><\/div><div class=\"desc_wrapper\"><div class=\"desc\">joy@kaho-coaching.com<\/div><\/div><\/div>\n[\/vc_column][vc_column width=&#8220;1\/3&#8243;]<div class=\"icon_box icon_position_top no_border\"><div class=\"icon_wrapper\"><div class=\"icon\"><i class=\"icon-call\"><\/i><\/div><\/div><div class=\"desc_wrapper\"><div class=\"desc\">+49 15752688471<\/div><\/div><\/div>\n[\/vc_column][vc_column width=&#8220;1\/3&#8243;][\/vc_column][\/vc_row]<\/p>\n","protected":false},"excerpt":{"rendered":"<p>[vc_row full_width=&#8220;stretch_row&#8220; content_placement=&#8220;middle&#8220; css=&#8220;.vc_custom_1560244442938{padding-top: 30px !important;padding-bottom: 30px !important;background-color: #d9e7ea !important;}&#8220;][vc_column width=&#8220;1\/2&#8243;][vc_column_text] Mrityunjoy Samaddar (Joy) Werte, Erf\u00fcllung, Lebenszweck und Wachstumsmentalit\u00e4t \u201eMit Ihrem schwankenden Schiff werde ich durch<span class=\"excerpt-hellip\"> [\u2026]<\/span><\/p>\n","protected":false},"author":1,"featured_media":0,"parent":0,"menu_order":0,"comment_status":"closed","ping_status":"closed","template":"","meta":{"footnotes":""},"class_list":["post-3225","page","type-page","status-publish","hentry"],"_links":{"self":[{"href":"https:\/\/kaho-coaching.com\/de\/wp-json\/wp\/v2\/pages\/3225","targetHints":{"allow":["GET"]}}],"collection":[{"href":"https:\/\/kaho-coaching.com\/de\/wp-json\/wp\/v2\/pages"}],"about":[{"href":"https:\/\/kaho-coaching.com\/de\/wp-json\/wp\/v2\/types\/page"}],"author":[{"embeddable":true,"href":"https:\/\/kaho-coaching.com\/de\/wp-json\/wp\/v2\/users\/1"}],"replies":[{"embeddable":true,"href":"https:\/\/kaho-coaching.com\/de\/wp-json\/wp\/v2\/comments?post=3225"}],"version-history":[{"count":5,"href":"https:\/\/kaho-coaching.com\/de\/wp-json\/wp\/v2\/pages\/3225\/revisions"}],"predecessor-version":[{"id":3233,"href":"https:\/\/kaho-coaching.com\/de\/wp-json\/wp\/v2\/pages\/3225\/revisions\/3233"}],"wp:attachment":[{"href":"https:\/\/kaho-coaching.com\/de\/wp-json\/wp\/v2\/media?parent=3225"}],"curies":[{"name":"wp","href":"https:\/\/api.w.org\/{rel}","templated":true}]}}