{"id":3218,"date":"2019-07-02T15:52:06","date_gmt":"2019-07-02T13:52:06","guid":{"rendered":"https:\/\/kaho-coaching.com\/petra-eckes\/"},"modified":"2026-02-10T17:48:25","modified_gmt":"2026-02-10T16:48:25","slug":"petra-eckes","status":"publish","type":"page","link":"https:\/\/kaho-coaching.com\/de\/petra-eckes\/","title":{"rendered":"Petra Eckes"},"content":{"rendered":"<p>[vc_row full_width=&#8220;stretch_row&#8220; content_placement=&#8220;middle&#8220; css=&#8220;.vc_custom_1560244442938{padding-top: 30px !important;padding-bottom: 30px !important;background-color: #d9e7ea !important;}&#8220;][vc_column width=&#8220;1\/2&#8243;][vc_column_text]<\/p>\n<h2 style=\"text-align: center;\">Petra Eckes<\/h2>\n<h3 style=\"text-align: center;\">Business Coaching &amp; Psychologisches Coaching<\/h3>\n<h4 style=\"text-align: center;\"><em>&#8222;Verbindung von Wirtschaft und Psychologie&#8220;<\/em><\/h4>\n<pre><div class=\"progress_icons\" data-active=\"10\" data-color=\"\"><span class=\"progress_icon\"><i class=\"icon-thumbs-up\"><\/i><\/span><span class=\"progress_icon\"><i class=\"icon-thumbs-up\"><\/i><\/span><span class=\"progress_icon\"><i class=\"icon-thumbs-up\"><\/i><\/span><span class=\"progress_icon\"><i class=\"icon-thumbs-up\"><\/i><\/span><span class=\"progress_icon\"><i class=\"icon-thumbs-up\"><\/i><\/span><span class=\"progress_icon\"><i class=\"icon-thumbs-up\"><\/i><\/span><span class=\"progress_icon\"><i class=\"icon-thumbs-up\"><\/i><\/span><span class=\"progress_icon\"><i class=\"icon-thumbs-up\"><\/i><\/span><span class=\"progress_icon\"><i class=\"icon-thumbs-up\"><\/i><\/span><span class=\"progress_icon\"><i class=\"icon-thumbs-up\"><\/i><\/span><\/div>\n<\/pre>\n<p>[\/vc_column_text][\/vc_column][vc_column width=&#8220;1\/2&#8243;][vc_single_image image=&#8220;3219&#8243; img_size=&#8220;309&#215;463&#8243; alignment=&#8220;center&#8220; style=&#8220;vc_box_rounded&#8220; css_animation=&#8220;fadeIn&#8220;][\/vc_column][\/vc_row][vc_row full_width=&#8220;stretch_row&#8220; css=&#8220;.vc_custom_1560229157019{padding-top: 60px !important;padding-bottom: 60px !important;}&#8220;][vc_column width=&#8220;1\/4&#8243;]<div class=\"quick_fact align_center animate-math\"><div class=\"number-wrapper\"><span class=\"number\" data-to=\"800\">800<\/span><span class=\"label postfix\">+<\/span><\/div><h3 class=\"title\">Coachingstunden<\/h3><hr class=\"hr_narrow\" \/><div class=\"desc\"><\/div><\/div>\n[\/vc_column][vc_column width=&#8220;1\/4&#8243;]<div class=\"quick_fact align_center animate-math\"><div class=\"number-wrapper\"><span class=\"number\" data-to=\"2\">2<\/span><\/div><h3 class=\"title\">Coaching-Sprachen<\/h3><hr class=\"hr_narrow\" \/><div class=\"desc\"><\/div><\/div>\n[\/vc_column][vc_column width=&#8220;1\/4&#8243;]<div class=\"quick_fact align_center animate-math\"><div class=\"number-wrapper\"><span class=\"number\" data-to=\"15\">15<\/span><\/div><h3 class=\"title\">Jahre Coaching-Erfahrung<\/h3><hr class=\"hr_narrow\" \/><div class=\"desc\"><\/div><\/div>\n[\/vc_column][vc_column width=&#8220;1\/4&#8243;]<div class=\"quick_fact align_center animate-math\"><div class=\"number-wrapper\"><span class=\"number\" data-to=\"20\">20<\/span><\/div><h3 class=\"title\">Bereiste L\u00e4nder<\/h3><hr class=\"hr_narrow\" \/><div class=\"desc\"><\/div><\/div>\n[\/vc_column][\/vc_row][vc_row full_width=&#8220;stretch_row&#8220; css=&#8220;.vc_custom_1561986109721{background-color: #d9e7ea !important;}&#8220;][vc_column width=&#8220;1\/4&#8243;][\/vc_column][vc_column width=&#8220;1\/2&#8243;][vc_btn title=&#8220;Coaching buchen&#8220; color=&#8220;black&#8220; size=&#8220;lg&#8220; align=&#8220;center&#8220; i_icon_fontawesome=&#8220;fa fa-shopping-cart&#8220; button_block=&#8220;true&#8220; add_icon=&#8220;true&#8220; link=&#8220;url:mailto%3Apetra%40kaho-coaching.com|&#8220;][\/vc_column][vc_column width=&#8220;1\/4&#8243;][\/vc_column][\/vc_row][vc_row full_width=&#8220;stretch_row&#8220; content_placement=&#8220;middle&#8220; css=&#8220;.vc_custom_1560229398471{padding-top: 35px !important;padding-bottom: 60px !important;background-color: #f2f3f5 !important;}&#8220;][vc_column width=&#8220;1\/3&#8243;][vc_empty_space height=&#8220;30px&#8220;][vc_column_text]<\/p>\n<h1 style=\"text-align: center;\">Erfahren Sie mehr \u00fcber mich<\/h1>\n<p>[\/vc_column_text][vc_empty_space height=&#8220;30px&#8220;][\/vc_column][vc_column width=&#8220;2\/3&#8243; css=&#8220;.vc_custom_1560229378578{border-left-width: 3px !important;border-left-color: #1a5d66 !important;border-left-style: solid !important;}&#8220;][vc_tta_accordion color=&#8220;white&#8220; active_section=&#8220;111&#8243; collapsible_all=&#8220;true&#8220;][vc_tta_section title=&#8220;Coaching-Sprache&#8220; tab_id=&#8220;1558597193007-e9408394-7075&#8243;][vc_column_text]Deutsch, Englisch[\/vc_column_text][\/vc_tta_section][vc_tta_section title=&#8220;Meine Philosophie&#8220; tab_id=&#8220;1562064340677-d3c1d649-8ada&#8220;][vc_column_text]<\/p>\n<p style=\"font-weight: 400;\"><strong>Unser Bewusstsein ist der Schl\u00fcssel f\u00fcr Erf\u00fcllung in unserem Leben, sowohl privat- als auch beruflich:<\/strong><\/p>\n<p style=\"font-weight: 400;\">Je besser wir uns selbst kennenlernen, desto bewusster werden wir uns \u00fcber uns Selbst, und damit:<\/p>\n<ul>\n<li style=\"font-weight: 400;\">Werden wir uns klarer dar\u00fcber, was uns im Leben wichtig ist<\/li>\n<li style=\"font-weight: 400;\">Erlangen wir mehr Klarheit \u00fcber unser Denken und F\u00fchlen, \u00fcber unsere W\u00fcnsche und Tr\u00e4ume<\/li>\n<li style=\"font-weight: 400;\">Erkennen wir besser, wie wir unsere Ziele erreichen k\u00f6nnen<\/li>\n<li style=\"font-weight: 400;\">Lernen wir, mit schwierigen oder kritischen Situationen und herausfordernden Beziehungen besser umzugehen, m\u00fcssen wir weniger k\u00e4mpfen, und das Leben wird umso leichter.<\/li>\n<\/ul>\n<p style=\"font-weight: 400;\">F\u00fchlen wir uns verbundener mit uns selbst, und damit st\u00e4rker und zentrierter.<\/p>\n<p>Wir sind pr\u00e4sent und uns unserer Selbst bewusst.<br \/>\nBewusstsein und Klarheit \u00fcber uns selbst f\u00fchrt uns wohin auch immer wir wollen.<\/p>\n<p>[\/vc_column_text][\/vc_tta_section][vc_tta_section title=&#8220;Was ist Ihr beruflicher Hintergrund?&#8220; tab_id=&#8220;1558597193086-d170018c-04bd&#8220;][vc_column_text]<\/p>\n<p style=\"font-weight: 400;\">Langj\u00e4hrige Berufserfahrung (&gt;25 J.) in Industrie und Wirtschaft:<br \/>\nSAP, KPMG, Mazars&amp;Guerard, u.a.<br \/>\nGlobal Player, Konzernunternehmen, Wirtschaftspr\u00fcfung<\/p>\n<p style=\"font-weight: 400;\">Erfahrung in den Bereichen Finanzen, Wirtschaftspr\u00fcfung und Beratung, in Management- und F\u00fchrungspositionen,<br \/>\nim Projektmanagement (strategisch, national, regional und global\/international),<br \/>\nim Change Management und in der Transformation,<br \/>\nsowie in Training, Weiterbildung, Enablement, Coaching und Beratung.<\/p>\n<p style=\"font-weight: 400;\">CTI Co-Active Coach, Psychologischer Coach, Trainerin &amp; Speaker, Diplom-Kauffrau.<\/p>\n<p>[\/vc_column_text][\/vc_tta_section][vc_tta_section title=&#8220;Was ist Ihre Coaching-Expertise?&#8220; tab_id=&#8220;1558597456028-75193eec-c4ed&#8220;][vc_column_text]<\/p>\n<p style=\"font-weight: 400;\"><strong>\u00dcber 15 Jahre Erfahrung als Coach und Beraterin in einem internationalen Umfeld<\/strong><br \/>\nExecutive- und Leadership-Coaching, Mitarbeiter-Coaching, Beratung.<\/p>\n<p><br style=\"font-weight: 400;\">[\/vc_column_text][\/vc_tta_section][vc_tta_section title=&#8220;Was lieben Sie, wenn Sie nicht arbeiten?&#8220; tab_id=&#8220;1558597502191-f81ef72e-8367&#8243;][vc_column_text]Zeit mit meinen Lieben verbringen \u2013 in der Natur sein \u2013 meditieren \u2013 malen \u2013 entspannen und das Leben genie\u00dfen.[\/vc_column_text][\/vc_tta_section][vc_tta_section title=&#8220;Meine Klienten sagen \u00fcber mich, dass ich\u2026.&#8220; tab_id=&#8220;1561488486129-1b6ad342-78ef&#8220;]<div class=\"blockquote\"><blockquote>\u201eSie h\u00f6rt zu und coacht Sie, auf Ihre eigenen Bed\u00fcrfnisse zu h\u00f6ren, um gest\u00e4rkt und selbstbewusst zu sein, wenn schwierige Situationen auftreten.\u201c<\/blockquote><\/div>\n<div class=\"blockquote\"><blockquote>\u201ePetras Beitrag als Coach ist von unsch\u00e4tzbarem Wert!\u201c<\/blockquote><\/div>\n<div class=\"blockquote\"><blockquote>\u201eSie ist eine sehr gute und aufmerksame Zuh\u00f6rerin, die auch bereit ist, Situationen und Denkweisen kritisch zu hinterfragen. Dies tut sie auf eine angenehme und respektvolle Weise, sodass man sich als Coachee wertgesch\u00e4tzt f\u00fchlt und bedeutungsvolle Erkenntnisse f\u00fcr sich mitnehmen kann.\u201c<br \/>\n<\/blockquote><\/div>\n[\/vc_tta_section][\/vc_tta_accordion][\/vc_column][\/vc_row][vc_row][vc_column width=&#8220;1\/3&#8243;]<div class=\"icon_box icon_position_top has_border\"><div class=\"icon_wrapper\"><div class=\"icon\"><i class=\"icon-email\"><\/i><\/div><\/div><div class=\"desc_wrapper\"><div class=\"desc\">petra@kaho-coaching.com<\/div><\/div><\/div>\n[\/vc_column][vc_column width=&#8220;1\/3&#8243;]<div class=\"icon_box icon_position_top has_border\"><div class=\"icon_wrapper\"><div class=\"icon\"><i class=\"icon-call\"><\/i><\/div><\/div><div class=\"desc_wrapper\"><div class=\"desc\">+49151\/12 67 62 80<\/div><\/div><\/div>\n[\/vc_column][vc_column width=&#8220;1\/3&#8243;][\/vc_column][\/vc_row]<\/p>\n","protected":false},"excerpt":{"rendered":"<p>[vc_row full_width=&#8220;stretch_row&#8220; content_placement=&#8220;middle&#8220; css=&#8220;.vc_custom_1560244442938{padding-top: 30px !important;padding-bottom: 30px !important;background-color: #d9e7ea !important;}&#8220;][vc_column width=&#8220;1\/2&#8243;][vc_column_text] Petra Eckes Business Coaching &amp; Psychologisches Coaching &#8222;Verbindung von Wirtschaft und Psychologie&#8220; [\/vc_column_text][\/vc_column][vc_column width=&#8220;1\/2&#8243;][vc_single_image image=&#8220;3219&#8243;<span class=\"excerpt-hellip\"> [\u2026]<\/span><\/p>\n","protected":false},"author":1,"featured_media":0,"parent":0,"menu_order":0,"comment_status":"closed","ping_status":"closed","template":"","meta":{"footnotes":""},"class_list":["post-3218","page","type-page","status-publish","hentry"],"_links":{"self":[{"href":"https:\/\/kaho-coaching.com\/de\/wp-json\/wp\/v2\/pages\/3218","targetHints":{"allow":["GET"]}}],"collection":[{"href":"https:\/\/kaho-coaching.com\/de\/wp-json\/wp\/v2\/pages"}],"about":[{"href":"https:\/\/kaho-coaching.com\/de\/wp-json\/wp\/v2\/types\/page"}],"author":[{"embeddable":true,"href":"https:\/\/kaho-coaching.com\/de\/wp-json\/wp\/v2\/users\/1"}],"replies":[{"embeddable":true,"href":"https:\/\/kaho-coaching.com\/de\/wp-json\/wp\/v2\/comments?post=3218"}],"version-history":[{"count":10,"href":"https:\/\/kaho-coaching.com\/de\/wp-json\/wp\/v2\/pages\/3218\/revisions"}],"predecessor-version":[{"id":3253,"href":"https:\/\/kaho-coaching.com\/de\/wp-json\/wp\/v2\/pages\/3218\/revisions\/3253"}],"wp:attachment":[{"href":"https:\/\/kaho-coaching.com\/de\/wp-json\/wp\/v2\/media?parent=3218"}],"curies":[{"name":"wp","href":"https:\/\/api.w.org\/{rel}","templated":true}]}}