{"id":3213,"date":"2019-07-02T18:06:30","date_gmt":"2019-07-02T16:06:30","guid":{"rendered":"https:\/\/kaho-coaching.com\/friedrich-oschmann\/"},"modified":"2026-02-10T17:26:19","modified_gmt":"2026-02-10T16:26:19","slug":"friedrich-oschmann","status":"publish","type":"page","link":"https:\/\/kaho-coaching.com\/de\/friedrich-oschmann\/","title":{"rendered":"Friedrich Oschmann"},"content":{"rendered":"<p>[vc_row full_width=&#8220;stretch_row&#8220; content_placement=&#8220;middle&#8220; css=&#8220;.vc_custom_1560244442938{padding-top: 30px !important;padding-bottom: 30px !important;background-color: #d9e7ea !important;}&#8220;][vc_column width=&#8220;1\/2&#8243;][vc_column_text]<\/p>\n<h2 style=\"text-align: center;\">Friedrich Oschmann<\/h2>\n<h3 style=\"text-align: center;\">Menschen im \u00dcbergang<\/h3>\n<h4 style=\"text-align: center;\"><em>\u201eDen Fluss bewegen\u201c<br \/>\n<\/em><\/h4>\n<pre><div class=\"progress_icons\" data-active=\"10\" data-color=\"\"><span class=\"progress_icon\"><i class=\"icon-thumbs-up\"><\/i><\/span><span class=\"progress_icon\"><i class=\"icon-thumbs-up\"><\/i><\/span><span class=\"progress_icon\"><i class=\"icon-thumbs-up\"><\/i><\/span><span class=\"progress_icon\"><i class=\"icon-thumbs-up\"><\/i><\/span><span class=\"progress_icon\"><i class=\"icon-thumbs-up\"><\/i><\/span><span class=\"progress_icon\"><i class=\"icon-thumbs-up\"><\/i><\/span><span class=\"progress_icon\"><i class=\"icon-thumbs-up\"><\/i><\/span><span class=\"progress_icon\"><i class=\"icon-thumbs-up\"><\/i><\/span><span class=\"progress_icon\"><i class=\"icon-thumbs-up\"><\/i><\/span><span class=\"progress_icon\"><i class=\"icon-thumbs-up\"><\/i><\/span><\/div>\n<\/pre>\n<p>[\/vc_column_text][\/vc_column][vc_column width=&#8220;1\/2&#8243;][vc_single_image image=&#8220;3214&#8243; img_size=&#8220;309&#215;463&#8243; alignment=&#8220;center&#8220; style=&#8220;vc_box_rounded&#8220; css_animation=&#8220;fadeIn&#8220;][\/vc_column][\/vc_row][vc_row full_width=&#8220;stretch_row&#8220; css=&#8220;.vc_custom_1560229157019{padding-top: 60px !important;padding-bottom: 60px !important;}&#8220;][vc_column width=&#8220;1\/4&#8243;]<div class=\"quick_fact align_center animate-math\"><div class=\"number-wrapper\"><span class=\"number\" data-to=\"278\">278<\/span><span class=\"label postfix\">+<\/span><\/div><h3 class=\"title\">Coaching-Stunden<\/h3><hr class=\"hr_narrow\" \/><div class=\"desc\"><\/div><\/div>\n[\/vc_column][vc_column width=&#8220;1\/4&#8243;]<div class=\"quick_fact align_center animate-math\"><div class=\"number-wrapper\"><span class=\"number\" data-to=\"3\">3<\/span><\/div><h3 class=\"title\">Coaching-Sprachen<\/h3><hr class=\"hr_narrow\" \/><div class=\"desc\"><\/div><\/div>\n[\/vc_column][vc_column width=&#8220;1\/4&#8243;]<div class=\"quick_fact align_center animate-math\"><div class=\"number-wrapper\"><span class=\"number\" data-to=\"7\">7<\/span><\/div><h3 class=\"title\">Jahre Coaching-Erfahrung<\/h3><hr class=\"hr_narrow\" \/><div class=\"desc\"><\/div><\/div>\n[\/vc_column][vc_column width=&#8220;1\/4&#8243;]<div class=\"quick_fact align_center animate-math\"><div class=\"number-wrapper\"><span class=\"number\" data-to=\"52\">52<\/span><\/div><h3 class=\"title\">Besuchte L\u00e4nder<\/h3><hr class=\"hr_narrow\" \/><div class=\"desc\"><\/div><\/div>\n[\/vc_column][\/vc_row][vc_row full_width=&#8220;stretch_row&#8220; css=&#8220;.vc_custom_1561986109721{background-color: #d9e7ea !important;}&#8220;][vc_column width=&#8220;1\/4&#8243;][\/vc_column][vc_column width=&#8220;1\/2&#8243;][vc_btn title=&#8220;Coaching buchen&#8220; color=&#8220;black&#8220; size=&#8220;lg&#8220; align=&#8220;center&#8220; i_icon_fontawesome=&#8220;&#8220; button_block=&#8220;true&#8220; add_icon=&#8220;true&#8220; link=&#8220;url:mailto%3Afriedrich%40kaho-coaching.com|&#8220;][\/vc_column][vc_column width=&#8220;1\/4&#8243;][\/vc_column][\/vc_row][vc_row full_width=&#8220;stretch_row&#8220; content_placement=&#8220;middle&#8220; css=&#8220;.vc_custom_1560229398471{padding-top: 35px !important;padding-bottom: 60px !important;background-color: #f2f3f5 !important;}&#8220;][vc_column width=&#8220;1\/3&#8243;][vc_empty_space height=&#8220;30px&#8220;][vc_column_text]<\/p>\n<h1 style=\"text-align: center;\">Mehr \u00fcber mich erfahren<\/h1>\n<p>[\/vc_column_text][vc_empty_space height=&#8220;30px&#8220;][\/vc_column][vc_column width=&#8220;2\/3&#8243; css=&#8220;.vc_custom_1560229378578{border-left-width: 3px !important;border-left-color: #1a5d66 !important;border-left-style: solid !important;}&#8220;][vc_tta_accordion color=&#8220;white&#8220; active_section=&#8220;111&#8243; collapsible_all=&#8220;true&#8220;][vc_tta_section title=&#8220;Coaching-Sprache&#8220; tab_id=&#8220;1558597193007-e9408394-7075&#8243;][vc_column_text]Deutsch, Englisch, Spanisch[\/vc_column_text][\/vc_tta_section][vc_tta_section title=&#8220;Meine Philosophie&#8220; tab_id=&#8220;1562064340677-d3c1d649-8ada&#8220;][vc_column_text]Sie haben das Zeug dazu![\/vc_column_text][\/vc_tta_section][vc_tta_section title=&#8220;Was ist Ihr beruflicher Hintergrund?&#8220; tab_id=&#8220;1558597193086-d170018c-04bd&#8220;][vc_column_text]20 Jahre im internationalen Energiegesch\u00e4ft, viel gereist, wirklich interkulturell[\/vc_column_text][\/vc_tta_section][vc_tta_section title=&#8220;Was ist Ihre Coaching-Expertise?&#8220; tab_id=&#8220;1558597456028-75193eec-c4ed&#8220;][vc_column_text]Seit sieben Jahren im Co-Active Coaching liegt mein Fokus mit Klienten auf Themen wie Ver\u00e4nderung, Priorit\u00e4ten, Wahl, Fokus, Konfliktmanagement, Umgang mit der Komplexit\u00e4t des Lebens[\/vc_column_text][\/vc_tta_section][vc_tta_section title=&#8220;Was lieben Sie, wenn Sie nicht arbeiten?&#8220; tab_id=&#8220;1558597502191-f81ef72e-8367&#8243;][vc_column_text]Spazierengehen, Familie, Musik, Kunst, Mode, Reisen[\/vc_column_text][\/vc_tta_section][vc_tta_section title=&#8220;Meine Klienten sagen \u00fcber mich, dass ich&#8230;&#8220; tab_id=&#8220;1561488486129-1b6ad342-78ef&#8220;]<div class=\"blockquote\"><blockquote>\u201eErnsthaft, guter Zuh\u00f6rer, hartn\u00e4ckig, guter Sinn f\u00fcr Humor\u201c<\/blockquote><\/div>\n[\/vc_tta_section][\/vc_tta_accordion][\/vc_column][\/vc_row][vc_row][vc_column width=&#8220;1\/3&#8243;]<div class=\"icon_box icon_position_top has_border\"><div class=\"icon_wrapper\"><div class=\"icon\"><i class=\"icon-email\"><\/i><\/div><\/div><div class=\"desc_wrapper\"><div class=\"desc\">friedrich@kaho-coaching.com<\/div><\/div><\/div>\n[\/vc_column][vc_column width=&#8220;1\/3&#8243;]<div class=\"icon_box icon_position_top has_border\"><div class=\"icon_wrapper\"><div class=\"icon\"><i class=\"icon-call\"><\/i><\/div><\/div><div class=\"desc_wrapper\"><div class=\"desc\">+49 151 70816119<\/div><\/div><\/div>\n[\/vc_column][vc_column width=&#8220;1\/3&#8243;][\/vc_column][\/vc_row]<\/p>\n","protected":false},"excerpt":{"rendered":"<p>[vc_row full_width=&#8220;stretch_row&#8220; content_placement=&#8220;middle&#8220; css=&#8220;.vc_custom_1560244442938{padding-top: 30px !important;padding-bottom: 30px !important;background-color: #d9e7ea !important;}&#8220;][vc_column width=&#8220;1\/2&#8243;][vc_column_text] Friedrich Oschmann Menschen im \u00dcbergang \u201eDen Fluss bewegen\u201c [\/vc_column_text][\/vc_column][vc_column width=&#8220;1\/2&#8243;][vc_single_image image=&#8220;3214&#8243; img_size=&#8220;309&#215;463&#8243; alignment=&#8220;center&#8220; style=&#8220;vc_box_rounded&#8220; css_animation=&#8220;fadeIn&#8220;][\/vc_column][\/vc_row][vc_row<span class=\"excerpt-hellip\"> [\u2026]<\/span><\/p>\n","protected":false},"author":1,"featured_media":0,"parent":0,"menu_order":0,"comment_status":"closed","ping_status":"closed","template":"","meta":{"footnotes":""},"class_list":["post-3213","page","type-page","status-publish","hentry"],"_links":{"self":[{"href":"https:\/\/kaho-coaching.com\/de\/wp-json\/wp\/v2\/pages\/3213","targetHints":{"allow":["GET"]}}],"collection":[{"href":"https:\/\/kaho-coaching.com\/de\/wp-json\/wp\/v2\/pages"}],"about":[{"href":"https:\/\/kaho-coaching.com\/de\/wp-json\/wp\/v2\/types\/page"}],"author":[{"embeddable":true,"href":"https:\/\/kaho-coaching.com\/de\/wp-json\/wp\/v2\/users\/1"}],"replies":[{"embeddable":true,"href":"https:\/\/kaho-coaching.com\/de\/wp-json\/wp\/v2\/comments?post=3213"}],"version-history":[{"count":2,"href":"https:\/\/kaho-coaching.com\/de\/wp-json\/wp\/v2\/pages\/3213\/revisions"}],"predecessor-version":[{"id":3223,"href":"https:\/\/kaho-coaching.com\/de\/wp-json\/wp\/v2\/pages\/3213\/revisions\/3223"}],"wp:attachment":[{"href":"https:\/\/kaho-coaching.com\/de\/wp-json\/wp\/v2\/media?parent=3213"}],"curies":[{"name":"wp","href":"https:\/\/api.w.org\/{rel}","templated":true}]}}