{"id":3210,"date":"2019-07-01T14:21:07","date_gmt":"2019-07-01T12:21:07","guid":{"rendered":"https:\/\/kaho-coaching.com\/cookie-richtlinie\/"},"modified":"2026-02-10T17:26:17","modified_gmt":"2026-02-10T16:26:17","slug":"cookie-richtlinie","status":"publish","type":"page","link":"https:\/\/kaho-coaching.com\/de\/cookie-richtlinie\/","title":{"rendered":"Cookie-Richtlinie"},"content":{"rendered":"<p>[vc_row][vc_column][vc_column_text]<\/p>\n<h1 id=\"cookie-policy\">Cookie-Richtlinie<\/h1>\n<p>Mit dieser Cookie-Richtlinie m\u00f6chten wir Sie \u00fcber die Verwendung von Cookies oder \u00e4hnlichen Speichertechnologien (im Folgenden \u201eCookies\u201c) auf dieser Website informieren.<\/p>\n<p>&nbsp;<\/p>\n<h2 id=\"what-are-cookies\">Was sind Cookies?<\/h2>\n<p>Cookies sind kleine Textdateien, die von Ihrem Browser auf Ihrem Ger\u00e4t gespeichert werden, um bestimmte Informationen oder Bilddateien, wie z. B. Pixel, zu speichern. Wenn Sie unsere Website das n\u00e4chste Mal mit demselben Ger\u00e4t besuchen, werden die in den Cookies gespeicherten Informationen entweder an unsere Website (\u201eFirst Party Cookie\u201c) oder an eine andere Website, zu der der Cookie geh\u00f6rt (\u201eThird Party Cookie\u201c), \u00fcbermittelt.<\/p>\n<p>Durch die gespeicherten und zur\u00fcckgesendeten Informationen erkennt die jeweilige Website, dass Sie bereits mit dem Browser, den Sie auf diesem Ger\u00e4t verwenden, auf sie zugegriffen und sie besucht haben. Wir verwenden diese Informationen, um die Website optimal und entsprechend Ihren Pr\u00e4ferenzen gestalten und anzeigen zu k\u00f6nnen.<\/p>\n<p>In diesem Zusammenhang wird nur der Cookie selbst auf Ihrem Ger\u00e4t identifiziert. Dar\u00fcber hinaus werden Ihre personenbezogenen Daten nur mit Ihrer ausdr\u00fccklichen Zustimmung gespeichert oder wenn dies unbedingt erforderlich ist, um den Ihnen angebotenen und von Ihnen abgerufenen Dienst nutzen zu k\u00f6nnen.<\/p>\n<p>&nbsp;<\/p>\n<h2 id=\"consent-to-the-use-of-cookies\">Einwilligung zur Verwendung von Cookies<\/h2>\n<p>Cookies, die nicht unbedingt erforderlich sind, um die Dienste auf unserer Website zur Verf\u00fcgung zu stellen, werden nur verwendet, wenn wir Ihre Einwilligung erhalten. Sobald Sie unsere Website aktiv nutzen, indem Sie unsere Website nach dem Anzeigen des Cookie-Banners weiterhin nutzen, stimmen Sie der Verwendung von Cookies zu.<\/p>\n<p>&nbsp;<\/p>\n<h2 id=\"deactivation-or-deletion-of-all-cookies\">Deaktivierung oder L\u00f6schung aller Cookies<\/h2>\n<p>Sie k\u00f6nnen Ihren Webbrowser so einstellen, dass Cookies generell nicht auf Ihrem Ger\u00e4t gespeichert werden und\/oder dass Sie jedes Mal gefragt werden, ob Sie mit der Aktivierung von Cookies einverstanden sind. Sie k\u00f6nnen auch jederzeit bereits aktivierte Cookies wieder l\u00f6schen. Wie das alles im Detail funktioniert, erfahren Sie \u00fcber die Hilfe-Funktion Ihres Browsers.<\/p>\n<p>Bitte beachten Sie, dass die generelle Deaktivierung von Cookies zu Funktionseinschr\u00e4nkungen auf unserer Website f\u00fchren kann.[\/vc_column_text][\/vc_column][\/vc_row]<\/p>\n","protected":false},"excerpt":{"rendered":"<p>[vc_row][vc_column][vc_column_text] Cookie-Richtlinie Mit dieser Cookie-Richtlinie m\u00f6chten wir Sie \u00fcber die Verwendung von Cookies oder \u00e4hnlichen Speichertechnologien (im Folgenden \u201eCookies\u201c) auf dieser Website informieren. &nbsp; Was sind<span class=\"excerpt-hellip\"> [\u2026]<\/span><\/p>\n","protected":false},"author":1,"featured_media":0,"parent":0,"menu_order":0,"comment_status":"closed","ping_status":"closed","template":"","meta":{"footnotes":""},"class_list":["post-3210","page","type-page","status-publish","hentry"],"_links":{"self":[{"href":"https:\/\/kaho-coaching.com\/de\/wp-json\/wp\/v2\/pages\/3210","targetHints":{"allow":["GET"]}}],"collection":[{"href":"https:\/\/kaho-coaching.com\/de\/wp-json\/wp\/v2\/pages"}],"about":[{"href":"https:\/\/kaho-coaching.com\/de\/wp-json\/wp\/v2\/types\/page"}],"author":[{"embeddable":true,"href":"https:\/\/kaho-coaching.com\/de\/wp-json\/wp\/v2\/users\/1"}],"replies":[{"embeddable":true,"href":"https:\/\/kaho-coaching.com\/de\/wp-json\/wp\/v2\/comments?post=3210"}],"version-history":[{"count":6,"href":"https:\/\/kaho-coaching.com\/de\/wp-json\/wp\/v2\/pages\/3210\/revisions"}],"predecessor-version":[{"id":3221,"href":"https:\/\/kaho-coaching.com\/de\/wp-json\/wp\/v2\/pages\/3210\/revisions\/3221"}],"wp:attachment":[{"href":"https:\/\/kaho-coaching.com\/de\/wp-json\/wp\/v2\/media?parent=3210"}],"curies":[{"name":"wp","href":"https:\/\/api.w.org\/{rel}","templated":true}]}}