{"id":3205,"date":"2019-06-24T17:25:46","date_gmt":"2019-06-24T15:25:46","guid":{"rendered":"https:\/\/kaho-coaching.com\/ueber-kaho\/"},"modified":"2026-02-10T17:26:02","modified_gmt":"2026-02-10T16:26:02","slug":"ueber-kaho","status":"publish","type":"page","link":"https:\/\/kaho-coaching.com\/de\/ueber-kaho\/","title":{"rendered":"\u00dcber Kaho"},"content":{"rendered":"<p>[vc_row][vc_column][vc_column_text]<\/p>\n<div id=\"cc-m-14002030629\" class=\"j-module n j-text \">\n<p><strong>Impressum &#8211; DEUTSCH<\/strong><\/p>\n<h2 class=\"\"><\/h2>\n<p>Angaben gem\u00e4\u00df \u00a75 TMG<\/p>\n<p>&nbsp;<\/p>\n<p>Inhaltlich verantwortlich:<\/p>\n<p>KAHO Coaching Services Eckes, Jhunjhunwala, Oschmann und Samaddar GbR<\/p>\n<p>Am Kieselberg 23<br \/>\n76831 G\u00f6cklingen<br \/>\nTelefon: +49 15112676280<\/p>\n<p>E-Mail: info@kaho-coaching.com<\/p>\n<p>&nbsp;<\/p>\n<p>Sitz der Gesellschaft ist G\u00f6cklingen<\/p>\n<p>&nbsp;<\/p>\n<div class=\"page\" title=\"Seite 1\">\n<div class=\"layoutArea\">\n<div class=\"column\">\n<p>&nbsp;<\/p>\n<\/div>\n<\/div>\n<\/div>\n<p>Umsatzsteueridentnummer:<\/p>\n<div class=\"page\" title=\"Seite 1\">\n<div class=\"layoutArea\">\n<div class=\"column\">\n<p>&nbsp;<\/p>\n<\/div>\n<\/div>\n<\/div>\n<p>&nbsp;<\/p>\n<h2 class=\"\"><\/h2>\n<p><strong>Hinweis gem\u00e4\u00df Online-Streitbeilegungs-Verordnung<\/strong><\/p>\n<h2 class=\"\"><\/h2>\n<p>Nach geltendem Recht sind wir verpflichtet, Verbraucher auf die Existenz der Europ\u00e4ischen Online-Streitbeilegungs-Plattform hinzuweisen, die f\u00fcr die Beilegung von Streitigkeiten genutzt werden kann, ohne dass ein Gericht eingeschaltet werden muss. F\u00fcr die Einrichtung der Plattform ist die Europ\u00e4ische Kommission zust\u00e4ndig. Die Europ\u00e4ische Online-Streitbeilegungs-Plattform ist hier zu finden: <a class=\"\" href=\"http:\/\/ec.europa.eu\/odr\" target=\"_blank\" rel=\"nofollow noopener noreferrer\">http:\/\/ec.europa.eu\/odr<\/a>. Unsere E-Mail lautet: <a class=\"\" href=\"mailto:doris@kaho-coaching.com\">doris@kaho-coaching.com<\/a>   <\/p>\n<p>Wir weisen aber darauf hin, dass wir nicht bereit sind, uns am Streitbeilegungsverfahren im Rahmen der Europ\u00e4ischen Online-Streitbeilegungs-Plattform zu beteiligen. Nutzen Sie zur Kontaktaufnahme bitte unsere obige E-Mail und Telefonnummer. <\/p>\n<p>&nbsp;<\/p>\n<h2 class=\"\"><\/h2>\n<p><strong>Disclaimer \u2013 rechtliche Hinweise<\/strong><\/p>\n<h2 class=\"\"><\/h2>\n<p>\u00a7 1 Warnhinweis zu Inhalten<br \/>\nDie kostenlosen und frei zug\u00e4nglichen Inhalte dieser Webseite wurden mit gr\u00f6\u00dftm\u00f6glicher Sorgfalt erstellt. Der Anbieter dieser Webseite \u00fcbernimmt jedoch keine Gew\u00e4hr f\u00fcr die Richtigkeit und Aktualit\u00e4t der bereitgestellten kostenlosen und frei zug\u00e4nglichen journalistischen Ratgeber und Nachrichten. Namentlich gekennzeichnete Beitr\u00e4ge geben die Meinung des jeweiligen Autors und nicht immer die Meinung des Anbieters wieder. Allein durch den Aufruf der kostenlosen und frei zug\u00e4nglichen Inhalte kommt keinerlei Vertragsverh\u00e4ltnis zwischen dem Nutzer und dem Anbieter zustande, insoweit fehlt es am Rechtsbindungswillen des Anbieters.   <\/p>\n<p>\u00a7 2 Externe Links<br \/>\nDiese Website enth\u00e4lt Verkn\u00fcpfungen zu Websites Dritter (&#8222;externe Links&#8220;). Diese Websites unterliegen der Haftung der jeweiligen Betreiber. Der Anbieter hat bei der erstmaligen Verkn\u00fcpfung der externen Links die fremden Inhalte daraufhin \u00fcberpr\u00fcft, ob etwaige Rechtsverst\u00f6\u00dfe bestehen. Zu dem Zeitpunkt waren keine Rechtsverst\u00f6\u00dfe ersichtlich. Der Anbieter hat keinerlei Einfluss auf die aktuelle und zuk\u00fcnftige Gestaltung und auf die Inhalte der verkn\u00fcpften Seiten. Das Setzen von externen Links bedeutet nicht, dass sich der Anbieter die hinter dem Verweis oder Link liegenden Inhalte zu Eigen macht. Eine st\u00e4ndige Kontrolle der externen Links ist f\u00fcr den Anbieter ohne konkrete Hinweise auf Rechtsverst\u00f6\u00dfe nicht zumutbar. Bei Kenntnis von Rechtsverst\u00f6\u00dfen werden jedoch derartige externe Links unverz\u00fcglich gel\u00f6scht.       <\/p>\n<p>\u00a7 3 Urheber- und Leistungsschutzrechte<br \/>\nDie auf dieser Website ver\u00f6ffentlichten Inhalte unterliegen dem deutschen Urheber- und Leistungsschutzrecht. Jede vom deutschen Urheber- und Leistungsschutzrecht nicht zugelassene Verwertung bedarf der vorherigen schriftlichen Zustimmung des Anbieters oder jeweiligen Rechteinhabers. Dies gilt insbesondere f\u00fcr Vervielf\u00e4ltigung, Bearbeitung, \u00dcbersetzung, Einspeicherung, Verarbeitung bzw. Wiedergabe von Inhalten in Datenbanken oder anderen elektronischen Medien und Systemen. Inhalte und Rechte Dritter sind dabei als solche gekennzeichnet. Die unerlaubte Vervielf\u00e4ltigung oder Weitergabe einzelner Inhalte oder kompletter Seiten ist nicht gestattet und strafbar. Lediglich die Herstellung von Kopien und Downloads f\u00fcr den pers\u00f6nlichen, privaten und nicht kommerziellen Gebrauch ist erlaubt.      <\/p>\n<p>Die Darstellung dieser Website in fremden Frames ist nur mit schriftlicher Erlaubnis zul\u00e4ssig.<\/p>\n<p>\u00a7 4 Besondere Nutzungsbedingungen<br \/>\nSoweit besondere Bedingungen f\u00fcr einzelne Nutzungen dieser Website von den vorgenannten Paragraphen abweichen, wird an entsprechender Stelle ausdr\u00fccklich darauf hingewiesen. In diesem Falle gelten im jeweiligen Einzelfall die besonderen Nutzungsbedingungen. <\/p>\n<p>&nbsp;<\/p>\n<p>Quelle: <a class=\"\" href=\"https:\/\/www.juraforum.de\/impressum-generator\/\" target=\"_top\" rel=\"noopener noreferrer\">Impressum Vorlage von JuraForum.de<\/a><\/p>\n<p>&nbsp;<\/p>\n<p>&nbsp;<\/p>\n<p><strong>Allgemeiner Hinweis zur Benutzung meiner Internetseiten:<\/strong><\/p>\n<p>Informationen, die auf dieser Webseite vorgestellt werden sind allgemeiner Art<\/p>\n<p>und stellen keine Beratung dar. Ein Besuch dieser Webseite begr\u00fcndet keinen <\/p>\n<p>Vertrag. Alle Ausk\u00fcnfte, speziell solche, die \u00fcber E-Mail erteilt werden, sind <\/p>\n<p>unverbindlicher Art, es sei denn, es besteht bereits ein schriftlich zustande<\/p>\n<p>gekommenes Vertragsverh\u00e4ltnis.<\/p>\n<p>Ich weise darauf hin, dass die unverschl\u00fcsselte Kommunikation \u00fcber E-Mail f\u00fcr<\/p>\n<p>die \u00dcbertragung von vertraulichen Informationen nicht geeignet ist. Sollte ich <\/p>\n<p>eine E-Mail erhalten, so schlie\u00dfe ich daraus, dass ich auch zur Beantwortung<\/p>\n<p>mittels E-Mail berechtigt bin, sofern Sie nicht ausdr\u00fccklich eine andere Art der<\/p>\n<p>Kommunikation w\u00fcnschen und mitgeteilt haben.<\/p>\n<p>&nbsp;<\/p>\n<p><strong>Urheberrecht:<\/strong><\/p>\n<p>Die von mir erstellten Inhalte und Werke auf diesen Seiten unterliegen dem<\/p>\n<p>deutschen Urheberrecht. Die Vervielf\u00e4ltigung, Bearbeitung, Verbreitung und jede <\/p>\n<p>Art der Verwertung au\u00dferhalb der Grenzen des Urheberrechtes bed\u00fcrfen der<\/p>\n<p>schriftlichen Zustimmung des jeweiligen Autors bzw. Erstellers. Downloads und  <\/p>\n<p>Kopien dieser Seite sind nur f\u00fcr den nicht kommerziellen, privaten Gebrauch<\/p>\n<p>gestattet. Bei Inhalten auf dieser Seite, die nicht von mir erstellt wurden, <\/p>\n<p>werden die Urheberrechte Dritter beachtet. Sofern Sie dennoch auf eine <\/p>\n<p>Urheberrechtsverletzung aufmerksam werden sollten, bitte ich um entsprechenden<\/p>\n<p>Hinweis. Bei Bekanntwerden von Rechtsverletzungen werden derartige Inhalte <\/p>\n<p>umgehend entfernt.<\/p>\n<p>&nbsp;<\/p>\n<\/div>\n<div id=\"cc-m-14030327729\" class=\"j-module n j-spacing \">\n<div class=\"cc-m-spacer\"><\/div>\n<\/div>\n<div id=\"cc-m-14033353629\" class=\"j-module n j-hr \">\n<hr>\n<\/div>\n<div id=\"cc-m-14033353729\" class=\"j-module n j-spacing \">\n<div class=\"cc-m-spacer\"><\/div>\n<\/div>\n<div id=\"cc-m-14033351429\" class=\"j-module n j-header \"><\/div>\n<p>[\/vc_column_text][\/vc_column][\/vc_row][vc_row][vc_column][vc_column_text]<strong>Rechtliche Hinweise \u2013 ENGLISCHE VERSION<\/strong><\/p>\n<p>Informationen gem\u00e4\u00df \u00a7 5 TMG<\/p>\n<p>KAHO Coaching Services GbR<\/p>\n<p>KAHO Coaching Services Eckes, Jhunjhunwala, Oschmann und Samaddar GbR<\/p>\n<p>Am Kieselberg 23<br \/>\n76831 G\u00f6cklingen<\/p>\n<p>E-Mail: info@kaho-coaching.com<\/p>\n<p>Internetadresse: www.kaho-coaching.com<\/p>\n<p><strong>Umsatzsteuer-Identifikationsnummer<\/strong><\/p>\n<p>Umsatzsteuer-Identifikationsnummer gem\u00e4\u00df \u00a7 27 a des deutschen Umsatzsteuergesetzes<br \/>\nGrafiken und Bildquellen gem\u00e4\u00df Tabelle \u201eBildindex\u201c unten<\/p>\n<p><strong>Haftungsausschluss<\/strong><\/p>\n<p>Verantwortlichkeit f\u00fcr Inhalte<br \/>\nDie Inhalte unserer Seiten wurden mit gr\u00f6\u00dftm\u00f6glicher Sorgfalt erstellt. Wir k\u00f6nnen jedoch keine Gew\u00e4hr f\u00fcr die Richtigkeit, Vollst\u00e4ndigkeit oder Aktualit\u00e4t der Inhalte \u00fcbernehmen. Gem\u00e4\u00df den gesetzlichen Bestimmungen sind wir dar\u00fcber hinaus f\u00fcr unsere eigenen Inhalte auf diesen Webseiten verantwortlich. In dieser Hinsicht weisen wir darauf hin, dass wir nicht verpflichtet sind, \u00fcbermittelte oder gespeicherte Informationen Dritter zu \u00fcberwachen oder Umst\u00e4nde zu untersuchen, die auf eine rechtswidrige T\u00e4tigkeit hinweisen. Unsere Verpflichtungen zur Entfernung oder Sperrung der Nutzung von Informationen nach den allgemein geltenden Gesetzen bleiben hiervon gem\u00e4\u00df \u00a7\u00a7 8 bis 10 des Telemediengesetzes (TMG) unber\u00fchrt.    <\/p>\n<p>Verantwortlichkeit f\u00fcr Links<br \/>\nDie Verantwortung f\u00fcr den Inhalt externer Links (zu Webseiten Dritter) liegt ausschlie\u00dflich bei den Betreibern der verlinkten Seiten. Zum Zeitpunkt der Verlinkung waren uns keine Rechtsverst\u00f6\u00dfe ersichtlich. Sollte uns eine Rechtsverletzung bekannt werden, werden wir den entsprechenden Link umgehend entfernen.  <\/p>\n<p><strong>Urheberrecht<\/strong><\/p>\n<p>Unsere Webseiten und deren Inhalte unterliegen dem deutschen Urheberrecht. Sofern nicht ausdr\u00fccklich gesetzlich erlaubt, bedarf jede Form der Nutzung, Vervielf\u00e4ltigung oder Verarbeitung urheberrechtlich gesch\u00fctzter Werke auf unseren Webseiten der vorherigen Zustimmung des jeweiligen Rechteinhabers. Einzelne Vervielf\u00e4ltigungen eines Werkes sind nur f\u00fcr den privaten Gebrauch gestattet. Die Materialien dieser Seiten sind urheberrechtlich gesch\u00fctzt und jede unbefugte Nutzung kann Urheberrechtsgesetze verletzen.   <\/p>\n<p>Quelle: Impressum-Generator bei translate-24h.de[\/vc_column_text][\/vc_column][\/vc_row]<\/p>\n","protected":false},"excerpt":{"rendered":"<p>[vc_row][vc_column][vc_column_text] Impressum &#8211; DEUTSCH Angaben gem\u00e4\u00df \u00a75 TMG &nbsp; Inhaltlich verantwortlich: KAHO Coaching Services Eckes, Jhunjhunwala, Oschmann und Samaddar GbR Am Kieselberg 23 76831 G\u00f6cklingen Telefon:<span class=\"excerpt-hellip\"> [\u2026]<\/span><\/p>\n","protected":false},"author":1,"featured_media":0,"parent":0,"menu_order":0,"comment_status":"closed","ping_status":"closed","template":"","meta":{"footnotes":""},"class_list":["post-3205","page","type-page","status-publish","hentry"],"_links":{"self":[{"href":"https:\/\/kaho-coaching.com\/de\/wp-json\/wp\/v2\/pages\/3205","targetHints":{"allow":["GET"]}}],"collection":[{"href":"https:\/\/kaho-coaching.com\/de\/wp-json\/wp\/v2\/pages"}],"about":[{"href":"https:\/\/kaho-coaching.com\/de\/wp-json\/wp\/v2\/types\/page"}],"author":[{"embeddable":true,"href":"https:\/\/kaho-coaching.com\/de\/wp-json\/wp\/v2\/users\/1"}],"replies":[{"embeddable":true,"href":"https:\/\/kaho-coaching.com\/de\/wp-json\/wp\/v2\/comments?post=3205"}],"version-history":[{"count":1,"href":"https:\/\/kaho-coaching.com\/de\/wp-json\/wp\/v2\/pages\/3205\/revisions"}],"predecessor-version":[{"id":3208,"href":"https:\/\/kaho-coaching.com\/de\/wp-json\/wp\/v2\/pages\/3205\/revisions\/3208"}],"wp:attachment":[{"href":"https:\/\/kaho-coaching.com\/de\/wp-json\/wp\/v2\/media?parent=3205"}],"curies":[{"name":"wp","href":"https:\/\/api.w.org\/{rel}","templated":true}]}}