{"id":3198,"date":"2019-06-11T09:47:09","date_gmt":"2019-06-11T07:47:09","guid":{"rendered":"https:\/\/kaho-coaching.com\/firmen-coaching\/"},"modified":"2026-02-10T17:26:03","modified_gmt":"2026-02-10T16:26:03","slug":"firmen-coaching","status":"publish","type":"page","link":"https:\/\/kaho-coaching.com\/de\/firmen-coaching\/","title":{"rendered":"Firmen-Coaching"},"content":{"rendered":"<p>[vc_row content_placement=&#8220;middle&#8220; css=&#8220;.vc_custom_1563547097508{padding-top: 30px !important;}&#8220;][vc_column width=&#8220;1\/2&#8243;][vc_column_text]<\/p>\n<h2 style=\"text-align: center;\">SKALIEREN SIE DAS COACHING IN IHREM UNTERNEHMEN<\/h2>\n<p style=\"text-align: center;\">KAHO Coaching ist perfekt f\u00fcr Organisationen, die es sich zur Aufgabe gemacht haben, das stetige Wachstum ihrer Mitarbeiter in einer digitalen Welt zu unterst\u00fctzen.<\/p>\n<p style=\"text-align: center;\">Verhindern Sie stressbedingte Folgen des Arbeitens und Lebens in volatilen, unsicheren, komplexen und mehrdeutigen Situationen, indem Sie die angeborenen menschlichen F\u00e4higkeiten Ihrer Mitarbeiter st\u00e4rken.<\/p>\n<p>[\/vc_column_text][\/vc_column][vc_column width=&#8220;1\/2&#8243;][vc_single_image image=&#8220;3158&#8243; img_size=&#8220;large&#8220; alignment=&#8220;center&#8220; style=&#8220;vc_box_rounded&#8220; css_animation=&#8220;fadeIn&#8220;][\/vc_column][vc_column][vc_row_inner][vc_column_inner width=&#8220;1\/6&#8243;][\/vc_column_inner][vc_column_inner width=&#8220;2\/3&#8243;]<div class=\"blockquote\"><blockquote>Coaching im Organisations- und F\u00fchrungsumfeld ist auch ein unsch\u00e4tzbares Werkzeug f\u00fcr die Entwicklung von Menschen in den unterschiedlichsten Bed\u00fcrfnissen. Die Vorteile des Coachings sind vielf\u00e4ltig: 80 % der gecoachten Personen berichten von einem gesteigerten Selbstvertrauen, und \u00fcber 70 % profitieren von einer verbesserten Arbeitsleistung, Beziehungen und effektiveren Kommunikationsf\u00e4higkeiten. 86 % der Unternehmen geben an, dass sie ihre Investition in das Coaching wieder hereingeholt haben und mehr.<\/blockquote><p class=\"author\"><i class=\"icon-user\"><\/i><span>ICF 2009<\/span><\/p><\/div>\n[\/vc_column_inner][vc_column_inner width=&#8220;1\/6&#8243;][\/vc_column_inner][\/vc_row_inner][\/vc_column][\/vc_row][vc_row full_width=&#8220;stretch_row&#8220; css=&#8220;.vc_custom_1564779447969{padding-top: 30px !important;background-color: #f2f3f5 !important;}&#8220;][vc_column][vc_column_text]<\/p>\n<h3 style=\"text-align: center;\">Unsere qualifizierten und erfahrenen Coaches unterst\u00fctzen Ihre Mitarbeiter dabei,<\/h3>\n<p>[\/vc_column_text][\/vc_column][\/vc_row][vc_row full_width=&#8220;stretch_row&#8220; gap=&#8220;15&#8243; equal_height=&#8220;yes&#8220; css=&#8220;.vc_custom_1564779492889{padding-bottom: 30px !important;background-color: #f2f3f5 !important;}&#8220;][vc_column css_animation=&#8220;fadeIn&#8220; width=&#8220;1\/3&#8243; css=&#8220;.vc_custom_1564779373865{background-color: #d9e7ea !important;}&#8220;]<div class=\"sliding_box\"><a href=\"https:\/\/kaho-coaching.com\/about\/\" ><div class=\"photo_wrapper\"><img loading=\"lazy\" decoding=\"async\" class=\"scale-with-grid\" src=\"https:\/\/kaho-coaching.com\/wp-content\/uploads\/2019\/05\/BuildFocus.jpg\" alt=\"BuildFocus\" width=\"600\" height=\"397\"\/><\/div><div class=\"desc_wrapper\"><h4>FOKUS AUFBAUEN<\/h4><\/div><\/a><\/div>\n[vc_column_text]<\/p>\n<ul class=\"list_star\">\n<li>Das Bewusstsein zu sch\u00e4rfen und blinde Flecken zu finden<\/li>\n<li>Den Fokus zu setzen und Entschlossenheit aufzubauen &#8211; Gewohnheiten zu haben, die Ihnen dienen<\/li>\n<li>Ihre Grenzen zu setzen &#8211; Zeit, Nein zu sagen und es zu m\u00f6gen<\/li>\n<li>Pr\u00e4sent zu bleiben und sich auf sich selbst und andere einzustellen<\/li>\n<\/ul>\n<p>[\/vc_column_text][\/vc_column][vc_column css_animation=&#8220;fadeIn&#8220; width=&#8220;1\/3&#8243; css=&#8220;.vc_custom_1564779391420{background-color: #d9e7ea !important;}&#8220;]<div class=\"sliding_box\"><a href=\"https:\/\/kaho-coaching.com\/about\/\" ><div class=\"photo_wrapper\"><img decoding=\"async\" class=\"scale-with-grid\" src=\"https:\/\/kaho-coaching.com\/wp-content\/uploads\/2019\/07\/leadership-new.jpg\" alt=\"\" width=\"\" height=\"\"\/><\/div><div class=\"desc_wrapper\"><h4>F\u00dcHRUNG AUFBAUEN<\/h4><\/div><\/a><\/div>\n[vc_column_text]<\/p>\n<ul class=\"list_star\">\n<li>Wie man in einer digitalen Welt f\u00fchrt &#8211; neue Dimensionen in einem neuen Zeitalter<\/li>\n<li>Wie Sie Ihre Vision aufrechterhalten<\/li>\n<li>Ver\u00e4nderungen anf\u00fchren &#8211; Sie sind vielleicht schon weit voraus<\/li>\n<\/ul>\n<p>[\/vc_column_text][\/vc_column][vc_column css_animation=&#8220;fadeIn&#8220; width=&#8220;1\/3&#8243; css=&#8220;.vc_custom_1564779414605{background-color: #d9e7ea !important;}&#8220;]<div class=\"sliding_box\"><a href=\"https:\/\/kaho-coaching.com\/about\/\" ><div class=\"photo_wrapper\"><img decoding=\"async\" class=\"scale-with-grid\" src=\"https:\/\/kaho-coaching.com\/wp-content\/uploads\/2019\/07\/Resilience-new.jpg\" alt=\"\" width=\"\" height=\"\"\/><\/div><div class=\"desc_wrapper\"><h4>RESILIENZ AUFBAUEN<\/h4><\/div><\/a><\/div>\n[vc_column_text]<\/p>\n<ul class=\"list_star\">\n<li>Komplexit\u00e4t und was Sie damit machen<\/li>\n<li>Mehr Ver\u00e4nderung &#8211; gef\u00e4llt sie Ihnen?<\/li>\n<li>Selbstvertrauen ist mehr als nur ein Schlagwort<\/li>\n<li>Stress reduzieren &#8211; oder behalten und sich gut f\u00fchlen<\/li>\n<li>Erf\u00fcllung &amp; Gl\u00fcck<\/li>\n<\/ul>\n<p>[\/vc_column_text][\/vc_column][\/vc_row][vc_row full_width=&#8220;stretch_row&#8220; content_placement=&#8220;middle&#8220; css=&#8220;.vc_custom_1563547743057{padding-top: 30px !important;padding-bottom: 30px !important;}&#8220;][vc_column][vc_column_text]<\/p>\n<h3 style=\"text-align: center;\">Anders als bei einem typischen Coaching-Setup bietet KAHO Coaching den einzigartigen Vorteil des sofortigen digitalen Coachings ohne Wartezeit und freie Standortwahl.<\/h3>\n<p>[\/vc_column_text][vc_column_text]<\/p>\n<h1 style=\"text-align: center;\">Wie es funktioniert<\/h1>\n<p>[\/vc_column_text][vc_row_inner][vc_column_inner width=&#8220;1\/4&#8243;]<div class=\"how_it_works  has_border\"><div class=\"image\"><img decoding=\"async\" src=\"https:\/\/kaho-coaching.com\/wp-content\/uploads\/2019\/07\/Company-purchase-Code.png\" class=\"scale-with-grid\" alt=\"\" width=\"\" height=\"\"><span class=\"number\">1<\/span><\/div><div class=\"desc\">Ihr Unternehmen erwirbt ein Paket von KAHO Coaching Codes. Jeder Code entspricht einer Coaching-Stunde.<\/div><\/div>\n[\/vc_column_inner][vc_column_inner width=&#8220;1\/4&#8243;]<div class=\"how_it_works  has_border\"><div class=\"image\"><img decoding=\"async\" src=\"https:\/\/kaho-coaching.com\/wp-content\/uploads\/2019\/07\/distribute-code-to-employees.png\" class=\"scale-with-grid\" alt=\"\" width=\"\" height=\"\"><span class=\"number\">2<\/span><\/div><div class=\"desc\">Sie k\u00f6nnen diese Codes an Ihre Mitarbeiter verteilen <\/div><\/div>\n[\/vc_column_inner][vc_column_inner width=&#8220;1\/4&#8243;]<div class=\"how_it_works  has_border\"><div class=\"image\"><img decoding=\"async\" src=\"https:\/\/kaho-coaching.com\/wp-content\/uploads\/2019\/07\/choose-coach-and-book.png\" class=\"scale-with-grid\" alt=\"\" width=\"\" height=\"\"><span class=\"number\">3<\/span><\/div><div class=\"desc\">Ihr Mitarbeiter kann \u00fcber unsere Website einen Coach ausw\u00e4hlen und buchen &#8211; freie Standortwahl und flexible Zeiteinteilung<\/div><\/div>\n[\/vc_column_inner][vc_column_inner width=&#8220;1\/4&#8243;]<div class=\"how_it_works  has_border\"><div class=\"image\"><img decoding=\"async\" src=\"https:\/\/kaho-coaching.com\/wp-content\/uploads\/2019\/07\/coaching-relationship.png\" class=\"scale-with-grid\" alt=\"\" width=\"\" height=\"\"><span class=\"number\">4<\/span><\/div><div class=\"desc\">Der Coach und der Mitarbeiter k\u00f6nnen den Coaching-Prozess starten und ihre eigene Reise gemeinsam gestalten<\/div><\/div>\n[\/vc_column_inner][\/vc_row_inner][\/vc_column][\/vc_row][vc_row full_width=&#8220;stretch_row&#8220; content_placement=&#8220;middle&#8220; css=&#8220;.vc_custom_1563548250328{padding-top: 30px !important;background-color: #f2f3f5 !important;}&#8220;][vc_column][vc_column_text]<\/p>\n<h2 style=\"text-align: center;\">Ihre Vorteile<\/h2>\n<p>[\/vc_column_text][vc_row_inner][vc_column_inner width=&#8220;1\/3&#8243;]<div class=\"icon_box icon_position_top has_border\"><div class=\"icon_wrapper\"><div class=\"icon\"><i class=\"icon-angellist\"><\/i><\/div><\/div><div class=\"desc_wrapper\"><h4 class=\"title\">Erh\u00f6htes Mitarbeiterengagement<\/h4><\/div><\/div>\n[\/vc_column_inner][vc_column_inner width=&#8220;1\/3&#8243;]<div class=\"icon_box icon_position_top has_border\"><div class=\"icon_wrapper\"><div class=\"icon\"><i class=\"icon-chart-area\"><\/i><\/div><\/div><div class=\"desc_wrapper\"><h4 class=\"title\">Positive Auswirkungen auf die Produktivit\u00e4t<\/h4><\/div><\/div>\n[\/vc_column_inner][vc_column_inner width=&#8220;1\/3&#8243;]<div class=\"icon_box icon_position_top no_border\"><div class=\"icon_wrapper\"><div class=\"icon\"><i class=\"icon-users\"><\/i><\/div><\/div><div class=\"desc_wrapper\"><h4 class=\"title\">F\u00f6rderung einer agilen Denkweise in Ihrem Unternehmen<\/h4><\/div><\/div>\n[\/vc_column_inner][\/vc_row_inner][vc_row_inner][vc_column_inner width=&#8220;1\/6&#8243;][\/vc_column_inner][vc_column_inner width=&#8220;2\/3&#8243;][vc_column_text]<\/p>\n<h1 style=\"text-align: center;\">Premium-Qualit\u00e4t &#8211; Unser Versprechen<\/h1>\n<p style=\"text-align: center;\">Wir bieten Ihnen Coaching in Premium-Qualit\u00e4t. Alle KAHO Coaches haben ihren Abschluss mit <a href=\"http:\/\/www.coactive.com\/\">CTI Co-Active\u00ae Coaching<\/a> gemacht &#8211; einem der f\u00fchrenden Coaching-Ausbildungsinstitute, das von der International Coaching Federation akkreditiert ist. Dar\u00fcber hinaus kombinieren unsere Coaches eine einzigartige Mischung aus verschiedenen beruflichen Hintergr\u00fcnden und bieten Ihnen eine gro\u00dfe Vielfalt an Wissen, F\u00e4higkeiten und Erfahrungen, um die Herausforderung des Menschseins in einer digitalen Welt zu bew\u00e4ltigen.  <\/p>\n<p>[\/vc_column_text][\/vc_column_inner][vc_column_inner width=&#8220;1\/6&#8243;][\/vc_column_inner][\/vc_row_inner][\/vc_column][\/vc_row][vc_row full_width=&#8220;stretch_row&#8220; gap=&#8220;15&#8243; content_placement=&#8220;middle&#8220; css=&#8220;.vc_custom_1563548869440{padding-top: 30px !important;padding-bottom: 60px !important;}&#8220;][vc_column width=&#8220;1\/2&#8243; css=&#8220;.vc_custom_1563544175505{border-top-width: 2px !important;border-right-width: 2px !important;border-bottom-width: 2px !important;border-left-width: 2px !important;border-left-color: #1a5d66 !important;border-left-style: solid !important;border-right-color: #1a5d66 !important;border-right-style: solid !important;border-top-color: #1a5d66 !important;border-top-style: solid !important;border-bottom-color: #1a5d66 !important;border-bottom-style: solid !important;}&#8220;][vc_column_text]<\/p>\n<h2><em>Fragen?<\/em> <a href=\"https:\/\/kaho-coaching.com\/#contact\">Kontaktieren Sie uns<\/a><\/h2>\n<p>[\/vc_column_text][\/vc_column][vc_column width=&#8220;1\/2&#8243;][vc_empty_space height=&#8220;15&#8243;][vc_column_text]Es ist wirklich einfach, mit uns Ihr Coaching zu beginnen. \u00dcber unsere digitale Plattform k\u00f6nnen Sie Ihren Coach einfach direkt buchen. <\/p>\n<p>Schauen Sie sich unsere Coaches an, w\u00e4hlen Sie Ihren Coach aus und beginnen Sie Ihre Coaching-Reise!<\/p>\n<div class=\"button_align align_right\"><a class=\"button  button_size_4 button_js\" href=\"https:\/\/kaho-coaching.com\/our-coaches\/\" style=\"color:#1a5d66;\"    ><span class=\"button_label\">Unsere Coaches<\/span><\/a><\/div>\n[\/vc_column_text][\/vc_column][\/vc_row]<\/p>\n","protected":false},"excerpt":{"rendered":"<p>[vc_row content_placement=&#8220;middle&#8220; css=&#8220;.vc_custom_1563547097508{padding-top: 30px !important;}&#8220;][vc_column width=&#8220;1\/2&#8243;][vc_column_text] SKALIEREN SIE DAS COACHING IN IHREM UNTERNEHMEN KAHO Coaching ist perfekt f\u00fcr Organisationen, die es sich zur Aufgabe gemacht haben,<span class=\"excerpt-hellip\"> [\u2026]<\/span><\/p>\n","protected":false},"author":1,"featured_media":0,"parent":0,"menu_order":0,"comment_status":"closed","ping_status":"closed","template":"","meta":{"footnotes":""},"class_list":["post-3198","page","type-page","status-publish","hentry"],"_links":{"self":[{"href":"https:\/\/kaho-coaching.com\/de\/wp-json\/wp\/v2\/pages\/3198","targetHints":{"allow":["GET"]}}],"collection":[{"href":"https:\/\/kaho-coaching.com\/de\/wp-json\/wp\/v2\/pages"}],"about":[{"href":"https:\/\/kaho-coaching.com\/de\/wp-json\/wp\/v2\/types\/page"}],"author":[{"embeddable":true,"href":"https:\/\/kaho-coaching.com\/de\/wp-json\/wp\/v2\/users\/1"}],"replies":[{"embeddable":true,"href":"https:\/\/kaho-coaching.com\/de\/wp-json\/wp\/v2\/comments?post=3198"}],"version-history":[{"count":5,"href":"https:\/\/kaho-coaching.com\/de\/wp-json\/wp\/v2\/pages\/3198\/revisions"}],"predecessor-version":[{"id":3209,"href":"https:\/\/kaho-coaching.com\/de\/wp-json\/wp\/v2\/pages\/3198\/revisions\/3209"}],"wp:attachment":[{"href":"https:\/\/kaho-coaching.com\/de\/wp-json\/wp\/v2\/media?parent=3198"}],"curies":[{"name":"wp","href":"https:\/\/api.w.org\/{rel}","templated":true}]}}