{"id":3183,"date":"2019-05-23T12:48:23","date_gmt":"2019-05-23T10:48:23","guid":{"rendered":"https:\/\/kaho-coaching.com\/doris-jhunjhunwala\/"},"modified":"2026-02-10T17:34:33","modified_gmt":"2026-02-10T16:34:33","slug":"doris-jhunjhunwala","status":"publish","type":"page","link":"https:\/\/kaho-coaching.com\/de\/doris-jhunjhunwala\/","title":{"rendered":"Doris Jhunjhunwala"},"content":{"rendered":"<p>[vc_row full_width=&#8220;stretch_row&#8220; content_placement=&#8220;middle&#8220; css=&#8220;.vc_custom_1560244442938{padding-top: 30px !important;padding-bottom: 30px !important;background-color: #d9e7ea !important;}&#8220;][vc_column width=&#8220;1\/2&#8243;][vc_column_text]<\/p>\n<h2 style=\"text-align: center;\">Doris Jhunjhunwala<\/h2>\n<h3 style=\"text-align: center;\">Business Coaching | Agile Coaching<\/h3>\n<h4 style=\"text-align: center;\"><em>\u201eIhr Leben mit Fortschritt, Klarheit und Resilienz bereichern\u201c<\/em><\/h4>\n<p style=\"text-align: center;\"><div class=\"progress_icons\" data-active=\"13\" data-color=\"\"><span class=\"progress_icon\"><i class=\"icon-thumbs-up\"><\/i><\/span><span class=\"progress_icon\"><i class=\"icon-thumbs-up\"><\/i><\/span><span class=\"progress_icon\"><i class=\"icon-thumbs-up\"><\/i><\/span><span class=\"progress_icon\"><i class=\"icon-thumbs-up\"><\/i><\/span><span class=\"progress_icon\"><i class=\"icon-thumbs-up\"><\/i><\/span><span class=\"progress_icon\"><i class=\"icon-thumbs-up\"><\/i><\/span><span class=\"progress_icon\"><i class=\"icon-thumbs-up\"><\/i><\/span><span class=\"progress_icon\"><i class=\"icon-thumbs-up\"><\/i><\/span><span class=\"progress_icon\"><i class=\"icon-thumbs-up\"><\/i><\/span><span class=\"progress_icon\"><i class=\"icon-thumbs-up\"><\/i><\/span><span class=\"progress_icon\"><i class=\"icon-thumbs-up\"><\/i><\/span><span class=\"progress_icon\"><i class=\"icon-thumbs-up\"><\/i><\/span><span class=\"progress_icon\"><i class=\"icon-thumbs-up\"><\/i><\/span><\/div>\n<p>[\/vc_column_text][\/vc_column][vc_column width=&#8220;1\/2&#8243;][vc_single_image image=&#8220;3184&#8243; img_size=&#8220;309&#215;463&#8243; alignment=&#8220;center&#8220; style=&#8220;vc_box_rounded&#8220; css_animation=&#8220;fadeIn&#8220;][\/vc_column][\/vc_row][vc_row full_width=&#8220;stretch_row&#8220; css=&#8220;.vc_custom_1560229157019{padding-top: 60px !important;padding-bottom: 60px !important;}&#8220;][vc_column width=&#8220;1\/4&#8243;]<div class=\"quick_fact align_center animate-math\"><div class=\"number-wrapper\"><span class=\"number\" data-to=\"350\">350<\/span><span class=\"label postfix\">+<\/span><\/div><h3 class=\"title\">Coaching-Stunden<\/h3><hr class=\"hr_narrow\" \/><div class=\"desc\"><\/div><\/div>\n[\/vc_column][vc_column width=&#8220;1\/4&#8243;]<div class=\"quick_fact align_center animate-math\"><div class=\"number-wrapper\"><span class=\"number\" data-to=\"2\">2<\/span><\/div><h3 class=\"title\">Coaching-Sprachen<\/h3><hr class=\"hr_narrow\" \/><div class=\"desc\"><\/div><\/div>\n[\/vc_column][vc_column width=&#8220;1\/4&#8243;]<div class=\"quick_fact align_center animate-math\"><div class=\"number-wrapper\"><span class=\"number\" data-to=\"9\">9<\/span><\/div><h3 class=\"title\">Coaching-Jahre<\/h3><hr class=\"hr_narrow\" \/><div class=\"desc\"><\/div><\/div>\n[\/vc_column][vc_column width=&#8220;1\/4&#8243;]<div class=\"quick_fact align_center animate-math\"><div class=\"number-wrapper\"><span class=\"number\" data-to=\"11\">11<\/span><\/div><h3 class=\"title\">Bereiste L\u00e4nder<\/h3><hr class=\"hr_narrow\" \/><div class=\"desc\"><\/div><\/div>\n[\/vc_column][\/vc_row][vc_row full_width=&#8220;stretch_row&#8220; css=&#8220;.vc_custom_1563390905337{background-color: #d9e7ea !important;}&#8220;][vc_column width=&#8220;1\/4&#8243;][\/vc_column][vc_column width=&#8220;1\/2&#8243;][vc_btn title=&#8220;Coaching buchen&#8220; color=&#8220;black&#8220; size=&#8220;lg&#8220; align=&#8220;center&#8220; i_icon_fontawesome=&#8220;fa fa-shopping-cart&#8220; button_block=&#8220;true&#8220; add_icon=&#8220;true&#8220; link=&#8220;url:mailto%3Adoris%40kaho-coaching.com|&#8220;][\/vc_column][vc_column width=&#8220;1\/4&#8243;][\/vc_column][\/vc_row][vc_row full_width=&#8220;stretch_row&#8220; content_placement=&#8220;middle&#8220; css=&#8220;.vc_custom_1560229398471{padding-top: 35px !important;padding-bottom: 60px !important;background-color: #f2f3f5 !important;}&#8220;][vc_column width=&#8220;1\/3&#8243;][vc_empty_space height=&#8220;30px&#8220;][vc_column_text]<\/p>\n<h1 style=\"text-align: center;\">Erfahren Sie mehr \u00fcber mich<\/h1>\n<p>[\/vc_column_text][vc_empty_space height=&#8220;30px&#8220;][\/vc_column][vc_column width=&#8220;2\/3&#8243; css=&#8220;.vc_custom_1560229378578{border-left-width: 3px !important;border-left-color: #1a5d66 !important;border-left-style: solid !important;}&#8220;][vc_tta_accordion color=&#8220;white&#8220; active_section=&#8220;111&#8243; collapsible_all=&#8220;true&#8220;][vc_tta_section title=&#8220;Coaching-Sprache&#8220; tab_id=&#8220;1558597193007-e9408394-7075&#8243;][vc_column_text]Deutsch, Englisch[\/vc_column_text][\/vc_tta_section][vc_tta_section title=&#8220;Was ist Ihr beruflicher Hintergrund?&#8220; tab_id=&#8220;1558597193086-d170018c-04bd&#8220;][vc_column_text]<\/p>\n<p data-start=\"0\" data-end=\"288\">Bevor ich 2017 den Schritt ins Coaching machte und eine Doppelkarriere begann, war ich viele Jahre in der Technologie- und Produktwelt t\u00e4tig. Ich habe verschiedene Rollen und Phasen durchlaufen \u2013 Teams gef\u00fchrt, Verantwortung \u00fcbernommen und Menschen dabei unterst\u00fctzt, sich pers\u00f6nlich wie beruflich weiterzuentwickeln. <\/p>\n<p data-start=\"290\" data-end=\"608\">Der Prozess der professionellen Coaching-Zertifizierung vertiefte mein Einf\u00fchlungsverm\u00f6gen und pr\u00e4gte meinen Coaching-Ansatz. Ich bin zutiefst davon \u00fcberzeugt, dass jeder Mensch von Natur aus einfallsreich und vollst\u00e4ndig ist. Mein Coaching-Stil verbindet tiefes Einf\u00fchlungsverm\u00f6gen mit einem starken zielorientierten Fokus, um sicherzustellen, dass bedeutungsvolle Ergebnisse erzielt werden.  <\/p>\n<p data-start=\"610\" data-end=\"973\" data-is-last-node=\"\" data-is-only-node=\"\">Ich arbeitete auch als Agile Coach und spezialisierte mich darauf, Teams dabei zu helfen, Ver\u00e4nderungen anzunehmen, die Zusammenarbeit zu verbessern und kontinuierlich Werte zu liefern. Agile erm\u00f6glicht es Teams, flexibel zu bleiben, sich schnell an neue Herausforderungen anzupassen und sich auf die Erzielung wirkungsvoller Ergebnisse zu konzentrieren. Als Coach begleite ich Teams beim Aufbau von Vertrauen, der F\u00f6rderung einer Wachstumsmentalit\u00e4t und der Schaffung einer nachhaltigen Arbeitsweise.  <\/p>\n<p>[\/vc_column_text][\/vc_tta_section][vc_tta_section title=&#8220;Was ist Ihre Coaching-Expertise?&#8220; tab_id=&#8220;1558597456028-75193eec-c4ed&#8220;][vc_column_text]<\/p>\n<p data-start=\"30\" data-end=\"377\">Ich arbeite seit 2017 als Coach, nach meinem Abschluss am CTI \u2013 Co-Active Coaching Institute (ICF \u2013 ACC). Meine Leidenschaft f\u00fcr kontinuierliches Lernen hat mich dazu gebracht, verschiedene Coaching-Methoden zu erkunden, darunter <strong data-start=\"246\" data-end=\"270\">Coaching from Source<\/strong> und <strong>Pferdegest\u00fctztes Coaching<\/strong>, die meinen Ansatz zur Selbstentwicklung und Transformation vertieft haben. <\/p>\n<p data-start=\"379\" data-end=\"732\">Ich bin spezialisiert auf:<br data-start=\"395\" data-end=\"398\">\u2705 <strong data-start=\"400\" data-end=\"422\">Karriereentwicklung<\/strong> \u2013 Unterst\u00fctzung von Einzelpersonen beim Wachstum, \u00dcbergang und der Erf\u00fcllung ihrer Karriere.<br data-start=\"501\" data-end=\"504\" data-is-only-node=\"\">\u2705 <strong data-start=\"506\" data-end=\"525\">Entscheidungsfindung<\/strong> \u2013 Anleitung von Klienten, um selbstbewusste, werteorientierte Entscheidungen zu treffen.<br data-start=\"585\" data-end=\"588\">\u2705 <strong data-start=\"590\" data-end=\"622\">Resilienz- &amp; Ver\u00e4nderungscoaching<\/strong> \u2013 Unterst\u00fctzung von Menschen bei der Bew\u00e4ltigung von Unsicherheiten, der \u00dcberwindung von Herausforderungen und der selbstbewussten Annahme von Ver\u00e4nderungen.<\/p>\n<p data-start=\"734\" data-end=\"862\" data-is-last-node=\"\" data-is-only-node=\"\">Mein Coaching-Ansatz ist zutiefst empathisch und dennoch zielorientiert, um sicherzustellen, dass jeder Klient bedeutungsvolle und dauerhafte Ergebnisse erzielt.<\/p>\n<p>[\/vc_column_text][\/vc_tta_section][vc_tta_section title=&#8220;Was machst Du gern, wenn Du nicht arbeitest?&#8220; tab_id=&#8220;1558597502191-f81ef72e-8367&#8243;][vc_column_text]Die meiste Zeit verbringe ich mit meiner Familie. Alleine tanke ich Energie in der Natur \u2013 ich genie\u00dfe es zu laufen, zu reiten oder einfach ein Buch zu lesen.[\/vc_column_text][\/vc_tta_section][vc_tta_section title=&#8220;Meine Klienten sagen \u00fcber mich, dass ich\u2026.&#8220; tab_id=&#8220;1561488486129-1b6ad342-78ef&#8220;]<div class=\"blockquote\"><blockquote>\u201eIch habe Doris als sehr engagierte professionelle Coachin kennengelernt, mit einer positiven Einstellung und dem Engagement, jede Coaching-Sitzung zu einem hilfreichen Ergebnis f\u00fcr die gecoachte Person zu f\u00fchren.<br \/>\nF\u00fcr mich als sehr visuellen Menschen leistet Doris hervorragende Arbeit, indem sie meine Aussagen in Bildsprache \u00fcbersetzt. Damit zeigt sie nicht nur ihre Qualit\u00e4t als aktive Zuh\u00f6rerin, sondern auch ihre F\u00e4higkeit, sich leicht an mein Kernproblem anzupassen. Sie stellt die richtigen Fragen und ermutigt mich, bestimmte Situationen aus allen beteiligten Perspektiven zu reflektieren. Und indem sie den Schwung beibeh\u00e4lt, ermutigt sie mich, pers\u00f6nliche, scharfe Einsichten in Worte zu fassen. Nach jeder Coaching-Sitzung versp\u00fcre ich den Drang, das neu gewonnene Vertrauen in die Praxis umzusetzen.\u201c<\/blockquote><\/div>\n[\/vc_tta_section][\/vc_tta_accordion][\/vc_column][\/vc_row][vc_row][vc_column width=&#8220;1\/3&#8243;]<div class=\"icon_box icon_position_top has_border\"><a class=\"\" href=\"http:\/\/doris@kaho-coaching.com\"  ><div class=\"icon_wrapper\"><div class=\"icon\"><i class=\"icon-email\"><\/i><\/div><\/div><div class=\"desc_wrapper\"><div class=\"desc\">doris@kaho-coaching.com<\/div><\/div><\/a><\/div>\n[\/vc_column][vc_column width=&#8220;1\/3&#8243;]<div class=\"icon_box icon_position_top no_border\"><a class=\"\" href=\"https:\/\/calendly.com\/doris-kaho-coaching\/coaching\" target=\"_blank\" ><div class=\"icon_wrapper\"><div class=\"icon\"><i class=\"icon-calendar\"><\/i><\/div><\/div><div class=\"desc_wrapper\"><div class=\"desc\">Online buchen<\/div><\/div><\/a><\/div>\n[\/vc_column][\/vc_row]<\/p>\n","protected":false},"excerpt":{"rendered":"<p>[vc_row full_width=&#8220;stretch_row&#8220; content_placement=&#8220;middle&#8220; css=&#8220;.vc_custom_1560244442938{padding-top: 30px !important;padding-bottom: 30px !important;background-color: #d9e7ea !important;}&#8220;][vc_column width=&#8220;1\/2&#8243;][vc_column_text] Doris Jhunjhunwala Business Coaching | Agile Coaching \u201eIhr Leben mit Fortschritt, Klarheit und Resilienz bereichern\u201c<span class=\"excerpt-hellip\"> [\u2026]<\/span><\/p>\n","protected":false},"author":1,"featured_media":0,"parent":0,"menu_order":0,"comment_status":"closed","ping_status":"closed","template":"","meta":{"footnotes":""},"class_list":["post-3183","page","type-page","status-publish","hentry"],"_links":{"self":[{"href":"https:\/\/kaho-coaching.com\/de\/wp-json\/wp\/v2\/pages\/3183","targetHints":{"allow":["GET"]}}],"collection":[{"href":"https:\/\/kaho-coaching.com\/de\/wp-json\/wp\/v2\/pages"}],"about":[{"href":"https:\/\/kaho-coaching.com\/de\/wp-json\/wp\/v2\/types\/page"}],"author":[{"embeddable":true,"href":"https:\/\/kaho-coaching.com\/de\/wp-json\/wp\/v2\/users\/1"}],"replies":[{"embeddable":true,"href":"https:\/\/kaho-coaching.com\/de\/wp-json\/wp\/v2\/comments?post=3183"}],"version-history":[{"count":11,"href":"https:\/\/kaho-coaching.com\/de\/wp-json\/wp\/v2\/pages\/3183\/revisions"}],"predecessor-version":[{"id":3245,"href":"https:\/\/kaho-coaching.com\/de\/wp-json\/wp\/v2\/pages\/3183\/revisions\/3245"}],"wp:attachment":[{"href":"https:\/\/kaho-coaching.com\/de\/wp-json\/wp\/v2\/media?parent=3183"}],"curies":[{"name":"wp","href":"https:\/\/api.w.org\/{rel}","templated":true}]}}