{"id":3177,"date":"2019-05-23T12:22:15","date_gmt":"2019-05-23T10:22:15","guid":{"rendered":"https:\/\/kaho-coaching.com\/unsere-coaches\/"},"modified":"2026-02-10T17:24:56","modified_gmt":"2026-02-10T16:24:56","slug":"unsere-coaches","status":"publish","type":"page","link":"https:\/\/kaho-coaching.com\/de\/unsere-coaches\/","title":{"rendered":"Unsere Coaches"},"content":{"rendered":"<p>[vc_row full_width=&#8220;stretch_row&#8220; css=&#8220;.vc_custom_1560237438418{padding-top: 100px !important;padding-bottom: 100px !important;background-color: #d9e7ea !important;}&#8220;][vc_column][vc_column_text]<\/p>\n<h3 style=\"text-align: center;\">Unser Team aus qualifizierten und erfahrenen Co-Active Coaches vereint eine einzigartige Mischung aus vielf\u00e4ltigen beruflichen Hintergr\u00fcnden und bietet Ihnen eine gro\u00dfe Bandbreite an Wissen, F\u00e4higkeiten und Erfahrungen. Wir coachen in 6 Sprachen und stehen Ihnen sofort zur Verf\u00fcgung. <\/h3>\n<p>[\/vc_column_text][\/vc_column][\/vc_row][vc_row full_width=&#8220;stretch_row&#8220; css=&#8220;.vc_custom_1614921085652{padding-top: 30px !important;background-color: #f9f9f9 !important;}&#8220;][vc_column width=&#8220;1\/2&#8243;]<div class=\"team team_circle\"><div class=\"image_frame photo no_link scale-with-grid\"><div class=\"image_wrapper\"><a href=\"https:\/\/kaho-coaching.com\/doris-jhunjhunwala\/\" ><img decoding=\"async\" class=\"scale-with-grid\" src=\"https:\/\/kaho-coaching.com\/wp-content\/uploads\/2019\/06\/ThumbDoris.jpg\" alt=\"\" width=\"\" height=\"\"\/><\/a><\/div><\/div><div class=\"desc_wrapper\"><h4><a href=\"https:\/\/kaho-coaching.com\/doris-jhunjhunwala\/\" >Doris Jhunjhunwala<\/a><\/h4><p class=\"subtitle\">Resilienz-Coaching<\/p><hr class=\"hr_color\" \/><div class=\"desc\"><\/div><div class=\"links\"><a href=\"mailto:doris@kaho-coaching.com\" class=\"icon_bar icon_bar_small\"><span class=\"t\"><i class=\"icon-mail\"><\/i><\/span><span class=\"b\"><i class=\"icon-mail\"><\/i><\/span><\/a><\/div><blockquote>Ihr Leben mit Klarheit und Vereinfachung bereichern<\/blockquote><\/div><\/div>\n[\/vc_column][vc_column width=&#8220;1\/2&#8243;]<div class=\"team team_circle\"><div class=\"image_frame photo no_link scale-with-grid\"><div class=\"image_wrapper\"><a href=\"https:\/\/kaho-coaching.com\/petra-eckes\/\" ><img decoding=\"async\" class=\"scale-with-grid\" src=\"https:\/\/kaho-coaching.com\/wp-content\/uploads\/2019\/06\/ThumbPetra.jpg\" alt=\"\" width=\"\" height=\"\"\/><\/a><\/div><\/div><div class=\"desc_wrapper\"><h4><a href=\"https:\/\/kaho-coaching.com\/petra-eckes\/\" >Petra Eckes<\/a><\/h4><p class=\"subtitle\">Business Coaching + Psychologisches Coaching<\/p><p class=\"phone\"><i class=\"icon-phone\"><\/i> <a href=\"tel:+49151\/12 67 62 80\">+49151\/12 67 62 80<\/a><\/p><hr class=\"hr_color\" \/><div class=\"desc\"><\/div><div class=\"links\"><a href=\"mailto:petra@kaho-coaching.com\" class=\"icon_bar icon_bar_small\"><span class=\"t\"><i class=\"icon-mail\"><\/i><\/span><span class=\"b\"><i class=\"icon-mail\"><\/i><\/span><\/a><\/div><blockquote>``Den Br\u00fcckenschlag`` zwischen Wirtschaft und Psychologie<\/blockquote><\/div><\/div>\n[\/vc_column][\/vc_row][vc_row full_width=&#8220;stretch_row&#8220; css=&#8220;.vc_custom_1614921173279{padding-top: 15px !important;background-color: #f9f9f9 !important;}&#8220;][vc_column width=&#8220;1\/2&#8243;]<div class=\"team team_circle\"><div class=\"image_frame photo no_link scale-with-grid\"><div class=\"image_wrapper\"><a href=\"https:\/\/kaho-coaching.com\/mrityunjoy-samaddar\/\" ><img decoding=\"async\" class=\"scale-with-grid\" src=\"https:\/\/kaho-coaching.com\/wp-content\/uploads\/2019\/06\/ThumbJoy.jpg\" alt=\"\" width=\"\" height=\"\"\/><\/a><\/div><\/div><div class=\"desc_wrapper\"><h4><a href=\"https:\/\/kaho-coaching.com\/mrityunjoy-samaddar\/\" >MrityunJOY Samaddar<\/a><\/h4><p class=\"subtitle\">Werte, Erf\u00fcllung, Lebenszweck und Wachstumsdenken<\/p><p class=\"phone\"><i class=\"icon-phone\"><\/i> <a href=\"tel:+49 15752688471\">+49 15752688471<\/a><\/p><hr class=\"hr_color\" \/><div class=\"desc\"><\/div><div class=\"links\"><a href=\"mailto:joy@kaho-coaching.com\" class=\"icon_bar icon_bar_small\"><span class=\"t\"><i class=\"icon-mail\"><\/i><\/span><span class=\"b\"><i class=\"icon-mail\"><\/i><\/span><\/a><\/div><blockquote>Jeder Schritt \u2013 so klein er auch sein mag, z\u00e4hlt<\/blockquote><\/div><\/div>\n[\/vc_column][vc_column width=&#8220;1\/2&#8243;]<div class=\"team team_circle\"><div class=\"image_frame photo no_link scale-with-grid\"><div class=\"image_wrapper\"><a href=\"https:\/\/kaho-coaching.com\/friedrich-oschmann\/\" ><img decoding=\"async\" class=\"scale-with-grid\" src=\"https:\/\/kaho-coaching.com\/wp-content\/uploads\/2019\/07\/ThumbFriedrich.jpg\" alt=\"\" width=\"\" height=\"\"\/><\/a><\/div><\/div><div class=\"desc_wrapper\"><h4><a href=\"https:\/\/kaho-coaching.com\/friedrich-oschmann\/\" >Friedrich Oschmann<\/a><\/h4><p class=\"subtitle\">Menschen im \u00dcbergang<\/p><p class=\"phone\"><i class=\"icon-phone\"><\/i> <a href=\"tel:+49 151 70816119\">+49 151 70816119<\/a><\/p><hr class=\"hr_color\" \/><div class=\"desc\"><\/div><div class=\"links\"><a href=\"mailto:friedrich@kaho-coaching.com\" class=\"icon_bar icon_bar_small\"><span class=\"t\"><i class=\"icon-mail\"><\/i><\/span><span class=\"b\"><i class=\"icon-mail\"><\/i><\/span><\/a><\/div><blockquote>Den Fluss bewegen<\/blockquote><\/div><\/div>\n[\/vc_column][\/vc_row][vc_row full_width=&#8220;stretch_row&#8220; disable_element=&#8220;yes&#8220; css=&#8220;.vc_custom_1614920790695{padding-top: 15px !important;background-color: #f9f9f9 !important;}&#8220;][vc_column width=&#8220;1\/2&#8243;]<div class=\"team team_circle\"><div class=\"image_frame photo no_link scale-with-grid\"><div class=\"image_wrapper\"><a href=\"https:\/\/kaho-coaching.com\/frauke-rost\/\" ><img decoding=\"async\" class=\"scale-with-grid\" src=\"https:\/\/kaho-coaching.com\/wp-content\/uploads\/2019\/06\/ThumbFrauke.jpg\" alt=\"\" width=\"\" height=\"\"\/><\/a><\/div><\/div><div class=\"desc_wrapper\"><h4><a href=\"https:\/\/kaho-coaching.com\/frauke-rost\/\" >Frauke Rost<\/a><\/h4><p class=\"subtitle\">Coaching f\u00fcr F\u00fchrung, Entscheidungen und Work-Life-Balance<\/p><p class=\"phone\"><i class=\"icon-phone\"><\/i> <a href=\"tel:+352 691 111 346\">+352 691 111 346<\/a><\/p><hr class=\"hr_color\" \/><div class=\"desc\"><\/div><div class=\"links\"><a href=\"mailto:frauke@kaho-coaching.com\" class=\"icon_bar icon_bar_small\"><span class=\"t\"><i class=\"icon-mail\"><\/i><\/span><span class=\"b\"><i class=\"icon-mail\"><\/i><\/span><\/a><\/div><blockquote>Erforschen Sie, was m\u00f6glich ist, finden Sie Ihr &lt;b&gt;GLEICHGEWICHT&lt;\/b&gt;<\/blockquote><\/div><\/div>\n[\/vc_column][vc_column width=&#8220;1\/2&#8243;]<div class=\"team team_circle\"><div class=\"image_frame photo no_link scale-with-grid\"><div class=\"image_wrapper\"><a href=\"https:\/\/kaho-coaching.com\/anne-laure-sorin\/\" ><img decoding=\"async\" class=\"scale-with-grid\" src=\"https:\/\/kaho-coaching.com\/wp-content\/uploads\/2019\/06\/ThumbAnneLaure.jpg\" alt=\"\" width=\"\" height=\"\"\/><\/a><\/div><\/div><div class=\"desc_wrapper\"><h4><a href=\"https:\/\/kaho-coaching.com\/anne-laure-sorin\/\" >Anne-Laure Sorin<\/a><\/h4><p class=\"subtitle\">Pers\u00f6nliches Coaching<\/p><p class=\"phone\"><i class=\"icon-phone\"><\/i> <a href=\"tel:+49 1717 451568\">+49 1717 451568<\/a><\/p><hr class=\"hr_color\" \/><div class=\"desc\"><\/div><div class=\"links\"><a href=\"mailto:Anne-Laure@kaho-coaching.com\" class=\"icon_bar icon_bar_small\"><span class=\"t\"><i class=\"icon-mail\"><\/i><\/span><span class=\"b\"><i class=\"icon-mail\"><\/i><\/span><\/a><\/div><blockquote>Wir erm\u00f6glichen Ihnen, die &lt;b&gt;VER\u00c4NDERUNG&lt;\/b&gt; zu gestalten, die Sie sich w\u00fcnschen<\/blockquote><\/div><\/div>\n[\/vc_column][\/vc_row][vc_row full_width=&#8220;stretch_row&#8220; disable_element=&#8220;yes&#8220; css=&#8220;.vc_custom_1614920801208{padding-top: 15px !important;padding-bottom: 15px !important;background-color: #f9f9f9 !important;}&#8220;][vc_column width=&#8220;1\/2&#8243;]<div class=\"team team_circle\"><div class=\"image_frame photo no_link scale-with-grid\"><div class=\"image_wrapper\"><a href=\"https:\/\/kaho-coaching.com\/sabine-baron\/\" ><img decoding=\"async\" class=\"scale-with-grid\" src=\"https:\/\/kaho-coaching.com\/wp-content\/uploads\/2019\/06\/ThumbSabine.jpg\" alt=\"\" width=\"\" height=\"\"\/><\/a><\/div><\/div><div class=\"desc_wrapper\"><h4><a href=\"https:\/\/kaho-coaching.com\/sabine-baron\/\" >Sabine Baron<\/a><\/h4><p class=\"subtitle\">Transformationelles Coaching, Karrierecoaching<\/p><p class=\"phone\"><i class=\"icon-phone\"><\/i> <a href=\"tel:+33 6 45 93 61 21\">+33 6 45 93 61 21<\/a><\/p><hr class=\"hr_color\" \/><div class=\"desc\"><\/div><div class=\"links\"><a href=\"mailto:sabine@kaho-coaching.com\" class=\"icon_bar icon_bar_small\"><span class=\"t\"><i class=\"icon-mail\"><\/i><\/span><span class=\"b\"><i class=\"icon-mail\"><\/i><\/span><\/a><\/div><blockquote>Wir verbinden Sie mit dem, was &lt;b&gt;JETZT&lt;\/b&gt; m\u00f6glich ist<\/blockquote><\/div><\/div>\n[\/vc_column][vc_column width=&#8220;1\/2&#8243;]<div class=\"team team_circle\"><div class=\"image_frame photo no_link scale-with-grid\"><div class=\"image_wrapper\"><a href=\"https:\/\/kaho-coaching.com\/roxana-macovschi\/\" ><img decoding=\"async\" class=\"scale-with-grid\" src=\"https:\/\/kaho-coaching.com\/wp-content\/uploads\/2019\/07\/Roxana_BW.png\" alt=\"\" width=\"\" height=\"\"\/><\/a><\/div><\/div><div class=\"desc_wrapper\"><h4><a href=\"https:\/\/kaho-coaching.com\/roxana-macovschi\/\" >Roxana Macovschi<\/a><\/h4><p class=\"subtitle\">Resilienz-Coaching<\/p><p class=\"phone\"><i class=\"icon-phone\"><\/i> <a href=\"tel:+49 151 53 08 64 24\">+49 151 53 08 64 24<\/a><\/p><hr class=\"hr_color\" \/><div class=\"desc\"><\/div><div class=\"links\"><a href=\"mailto:roxana@kaho-coaching.com\" class=\"icon_bar icon_bar_small\"><span class=\"t\"><i class=\"icon-mail\"><\/i><\/span><span class=\"b\"><i class=\"icon-mail\"><\/i><\/span><\/a><\/div><blockquote>Ausf\u00e4lle verhindern und Ihren Erfolg aufbauen<\/blockquote><\/div><\/div>\n[\/vc_column][\/vc_row]<\/p>\n","protected":false},"excerpt":{"rendered":"<p>[vc_row full_width=&#8220;stretch_row&#8220; css=&#8220;.vc_custom_1560237438418{padding-top: 100px !important;padding-bottom: 100px !important;background-color: #d9e7ea !important;}&#8220;][vc_column][vc_column_text] Unser Team aus qualifizierten und erfahrenen Co-Active Coaches vereint eine einzigartige Mischung aus vielf\u00e4ltigen beruflichen Hintergr\u00fcnden und<span class=\"excerpt-hellip\"> [\u2026]<\/span><\/p>\n","protected":false},"author":1,"featured_media":0,"parent":0,"menu_order":0,"comment_status":"closed","ping_status":"closed","template":"","meta":{"footnotes":""},"class_list":["post-3177","page","type-page","status-publish","hentry"],"_links":{"self":[{"href":"https:\/\/kaho-coaching.com\/de\/wp-json\/wp\/v2\/pages\/3177","targetHints":{"allow":["GET"]}}],"collection":[{"href":"https:\/\/kaho-coaching.com\/de\/wp-json\/wp\/v2\/pages"}],"about":[{"href":"https:\/\/kaho-coaching.com\/de\/wp-json\/wp\/v2\/types\/page"}],"author":[{"embeddable":true,"href":"https:\/\/kaho-coaching.com\/de\/wp-json\/wp\/v2\/users\/1"}],"replies":[{"embeddable":true,"href":"https:\/\/kaho-coaching.com\/de\/wp-json\/wp\/v2\/comments?post=3177"}],"version-history":[{"count":2,"href":"https:\/\/kaho-coaching.com\/de\/wp-json\/wp\/v2\/pages\/3177\/revisions"}],"predecessor-version":[{"id":3180,"href":"https:\/\/kaho-coaching.com\/de\/wp-json\/wp\/v2\/pages\/3177\/revisions\/3180"}],"wp:attachment":[{"href":"https:\/\/kaho-coaching.com\/de\/wp-json\/wp\/v2\/media?parent=3177"}],"curies":[{"name":"wp","href":"https:\/\/api.w.org\/{rel}","templated":true}]}}