{"id":3170,"date":"2019-05-20T15:28:12","date_gmt":"2019-05-20T13:28:12","guid":{"rendered":"https:\/\/kaho-coaching.com\/ueber-uns\/"},"modified":"2026-02-10T17:24:44","modified_gmt":"2026-02-10T16:24:44","slug":"ueber-uns","status":"publish","type":"page","link":"https:\/\/kaho-coaching.com\/de\/ueber-uns\/","title":{"rendered":"\u00dcber uns"},"content":{"rendered":"<p>[vc_row full_width=&#8220;stretch_row&#8220; content_placement=&#8220;middle&#8220; css=&#8220;.vc_custom_1563550794130{padding-top: 60px !important;padding-bottom: 30px !important;}&#8220;][vc_column width=&#8220;2\/3&#8243;][vc_column_text]<\/p>\n<h3 style=\"text-align: center;\">Unsere Vision ist es, den positiven Einfluss von Premium-Coaching zu erweitern, damit wir gemeinsam unsere menschliche F\u00e4higkeit in einer digitalen Welt st\u00e4rken.<\/h3>\n<p>[\/vc_column_text][\/vc_column][vc_column width=&#8220;1\/3&#8243;][vc_single_image image=&#8220;3160&#8243; img_size=&#8220;medium&#8220; add_caption=&#8220;yes&#8220; alignment=&#8220;center&#8220; style=&#8220;vc_box_rounded&#8220; css_animation=&#8220;fadeIn&#8220; el_id=&#8220;fadeIn&#8220;][\/vc_column][\/vc_row][vc_row][vc_column][vc_column_text]Coaching erm\u00f6glicht es Ihnen als Einzelperson, Ihr volles Potenzial sowohl im Privatleben als auch in gesch\u00e4ftlichen Kontexten zu entfalten. Coaching unterst\u00fctzt Sie dabei, Ihre eigenen L\u00f6sungen zu finden, anstatt Ratschl\u00e4ge zu erhalten.<\/p>\n<p>Ihr Coach wird sicherstellen, dass ein lebenslanger Prozess des menschlichen Lernens, der Effektivit\u00e4t und der Erf\u00fcllung gef\u00f6rdert und verbessert wird. Das selbstgesteuerte Lernen wird durch die tiefgehende Befragung des Coaches ausgel\u00f6st. Beim Coaching geht es auch darum, f\u00fcr die in jeder Sitzung eingegangenen Verpflichtungen zur Rechenschaft gezogen zu werden. Ihr Coach wird sicherstellen, dass es keine Ausreden gibt, Ihre Ziele und Tr\u00e4ume nicht zu verfolgen.[\/vc_column_text][\/vc_column][\/vc_row][vc_row full_width=&#8220;stretch_row&#8220; content_placement=&#8220;middle&#8220; css=&#8220;.vc_custom_1563550372890{padding-top: 30px !important;padding-bottom: 30px !important;}&#8220;][vc_column width=&#8220;1\/2&#8243;][vc_single_image image=&#8220;3172&#8243; img_size=&#8220;large&#8220; alignment=&#8220;center&#8220; css_animation=&#8220;fadeIn&#8220;][\/vc_column][vc_column width=&#8220;1\/2&#8243;][vc_column_text]<\/p>\n<h3 style=\"text-align: center;\">Wir wollten, dass KAHO dem inneren Wesen des Coachings folgt<\/h3>\n<p style=\"text-align: center;\">Daher: bescheiden, inklusiv, f\u00f6rdernd und dankbar. Ob wohlhabend oder nicht, in Europa oder anderswo, KAHO glaubt an Coaching, das aktiv einen sp\u00fcrbaren Einfluss auf das Leben jedes Einzelnen hat.<\/p>\n<p style=\"text-align: center;\">Deshalb f\u00f6rdern wir einen positiven Kreislauf des Gebens: Wir unterst\u00fctzen diejenigen, die sich kein Coaching leisten k\u00f6nnen, mit einem Teil unserer Einnahmen.<\/p>\n<p>[\/vc_column_text][\/vc_column][\/vc_row][vc_row][vc_column width=&#8220;1\/6&#8243;][\/vc_column][vc_column width=&#8220;2\/3&#8243;][vc_single_image image=&#8220;3173&#8243; img_size=&#8220;full&#8220; alignment=&#8220;center&#8220; css_animation=&#8220;fadeIn&#8220;][\/vc_column][vc_column width=&#8220;1\/6&#8243;][\/vc_column][\/vc_row][vc_row full_width=&#8220;stretch_row&#8220; css=&#8220;.vc_custom_1564779886674{padding-top: 30px !important;background-color: #f2f3f5 !important;}&#8220; el_id=&#8220;Fokus&#8220;][vc_column][vc_column_text]<\/p>\n<h2 style=\"text-align: center;\">Mit unseren Premium-Coaching-Services unterst\u00fctzen wir Sie dabei, Fokus, F\u00fchrung und Resilienz in einer digitalen Welt aufzubauen.<\/h2>\n<p>[\/vc_column_text][\/vc_column][\/vc_row][vc_row full_width=&#8220;stretch_row&#8220; gap=&#8220;15&#8243; equal_height=&#8220;yes&#8220; css=&#8220;.vc_custom_1564779812156{padding-bottom: 30px !important;background-color: #f2f3f5 !important;}&#8220;][vc_column css_animation=&#8220;fadeIn&#8220; width=&#8220;1\/3&#8243; css=&#8220;.vc_custom_1564779873847{background-color: #d9e7ea !important;}&#8220;]<div class=\"sliding_box\"><a href=\"https:\/\/kaho-coaching.com\/about\/\" ><div class=\"photo_wrapper\"><img loading=\"lazy\" decoding=\"async\" class=\"scale-with-grid\" src=\"https:\/\/kaho-coaching.com\/wp-content\/uploads\/2019\/05\/BuildFocus.jpg\" alt=\"BuildFocus\" width=\"600\" height=\"397\"\/><\/div><div class=\"desc_wrapper\"><h4>FOKUS AUFBAUEN<\/h4><\/div><\/a><\/div>\n[vc_column_text]<\/p>\n<ul class=\"list_star\">\n<li>Bewusstsein entwickeln und blinde Flecken finden<\/li>\n<li>Fokus setzen und Durchhalteverm\u00f6gen aufbauen \u2013 Gewohnheiten haben, die Ihnen dienen<\/li>\n<li>Grenzen setzen \u2013 Zeit, Nein zu sagen und es zu m\u00f6gen<\/li>\n<li>Bleiben Sie pr\u00e4sent und auf sich selbst und andere eingestellt<\/li>\n<\/ul>\n<p>[\/vc_column_text][\/vc_column][vc_column css_animation=&#8220;fadeIn&#8220; width=&#8220;1\/3&#8243; css=&#8220;.vc_custom_1564779851018{background-color: #d9e7ea !important;}&#8220;]<div class=\"sliding_box\"><a href=\"https:\/\/kaho-coaching.com\/about\/\" ><div class=\"photo_wrapper\"><img decoding=\"async\" class=\"scale-with-grid\" src=\"https:\/\/kaho-coaching.com\/wp-content\/uploads\/2019\/07\/leadership-new.jpg\" alt=\"\" width=\"\" height=\"\"\/><\/div><div class=\"desc_wrapper\"><h4>F\u00dcHRUNG AUFBAUEN<\/h4><\/div><\/a><\/div>\n[vc_column_text]<\/p>\n<ul class=\"list_star\">\n<li>Wie man in einer digitalen Welt f\u00fchrt \u2013 neue Dimensionen in einem neuen Zeitalter<\/li>\n<li>Wie Sie Ihre Vision halten<\/li>\n<li>Ver\u00e4nderungen anf\u00fchren \u2013 Sie sind vielleicht schon weit voraus<\/li>\n<\/ul>\n<p>[\/vc_column_text][\/vc_column][vc_column css_animation=&#8220;fadeIn&#8220; width=&#8220;1\/3&#8243; css=&#8220;.vc_custom_1564779865336{background-color: #d9e7ea !important;}&#8220;]<div class=\"sliding_box\"><a href=\"https:\/\/kaho-coaching.com\/about\/\" ><div class=\"photo_wrapper\"><img decoding=\"async\" class=\"scale-with-grid\" src=\"https:\/\/kaho-coaching.com\/wp-content\/uploads\/2019\/07\/Resilience-new.jpg\" alt=\"\" width=\"\" height=\"\"\/><\/div><div class=\"desc_wrapper\"><h4>RESILIENZ AUFBAUEN<\/h4><\/div><\/a><\/div>\n[vc_column_text]<\/p>\n<ul class=\"list_star\">\n<li>Komplexit\u00e4t und was Sie damit tun<\/li>\n<li>Mehr Ver\u00e4nderung \u2013 m\u00f6gen Sie es?<\/li>\n<li>Vertrauen ist mehr als ein Hype<\/li>\n<li>Stress reduzieren \u2013 oder behalten und sich gut f\u00fchlen<\/li>\n<li>Erf\u00fcllung &amp; Gl\u00fcck<\/li>\n<\/ul>\n<p>[\/vc_column_text][\/vc_column][\/vc_row]<\/p>\n","protected":false},"excerpt":{"rendered":"<p>[vc_row full_width=&#8220;stretch_row&#8220; content_placement=&#8220;middle&#8220; css=&#8220;.vc_custom_1563550794130{padding-top: 60px !important;padding-bottom: 30px !important;}&#8220;][vc_column width=&#8220;2\/3&#8243;][vc_column_text] Unsere Vision ist es, den positiven Einfluss von Premium-Coaching zu erweitern, damit wir gemeinsam unsere menschliche F\u00e4higkeit<span class=\"excerpt-hellip\"> [\u2026]<\/span><\/p>\n","protected":false},"author":1,"featured_media":0,"parent":0,"menu_order":0,"comment_status":"closed","ping_status":"closed","template":"","meta":{"footnotes":""},"class_list":["post-3170","page","type-page","status-publish","hentry"],"_links":{"self":[{"href":"https:\/\/kaho-coaching.com\/de\/wp-json\/wp\/v2\/pages\/3170","targetHints":{"allow":["GET"]}}],"collection":[{"href":"https:\/\/kaho-coaching.com\/de\/wp-json\/wp\/v2\/pages"}],"about":[{"href":"https:\/\/kaho-coaching.com\/de\/wp-json\/wp\/v2\/types\/page"}],"author":[{"embeddable":true,"href":"https:\/\/kaho-coaching.com\/de\/wp-json\/wp\/v2\/users\/1"}],"replies":[{"embeddable":true,"href":"https:\/\/kaho-coaching.com\/de\/wp-json\/wp\/v2\/comments?post=3170"}],"version-history":[{"count":3,"href":"https:\/\/kaho-coaching.com\/de\/wp-json\/wp\/v2\/pages\/3170\/revisions"}],"predecessor-version":[{"id":3176,"href":"https:\/\/kaho-coaching.com\/de\/wp-json\/wp\/v2\/pages\/3170\/revisions\/3176"}],"wp:attachment":[{"href":"https:\/\/kaho-coaching.com\/de\/wp-json\/wp\/v2\/media?parent=3170"}],"curies":[{"name":"wp","href":"https:\/\/api.w.org\/{rel}","templated":true}]}}