{"id":3144,"date":"2026-01-10T01:53:22","date_gmt":"2026-01-10T00:53:22","guid":{"rendered":"https:\/\/kaho-coaching.com\/startseite\/"},"modified":"2026-02-10T17:24:00","modified_gmt":"2026-02-10T16:24:00","slug":"startseite","status":"publish","type":"page","link":"https:\/\/kaho-coaching.com\/de\/","title":{"rendered":"Startseite"},"content":{"rendered":"<p>[vc_row full_width=&#8220;stretch_row&#8220; content_placement=&#8220;middle&#8220; css=&#8220;.vc_custom_1563520630936{padding-bottom: 30px !important;}&#8220;][vc_column width=&#8220;1\/3&#8243; css=&#8220;.vc_custom_1563514636117{background-position: center !important;background-repeat: no-repeat !important;background-size: contain !important;}&#8220;][vc_single_image image=&#8220;3160&#8243; img_size=&#8220;400&#215;400&#8243; alignment=&#8220;center&#8220; css_animation=&#8220;fadeIn&#8220;][\/vc_column][vc_column width=&#8220;2\/3&#8243;][vc_column_text]<\/p>\n<h3 style=\"text-align: left;\">KAHO verfolgt ein klares Ziel: die positive Wirkung von Coaching zu verst\u00e4rken und die F\u00e4higkeit des Menschseins in einer digitalen Welt zu st\u00e4rken. Wir erreichen dies, indem wir Sie co-aktiv coachen.<\/h3>\n<p>[\/vc_column_text][\/vc_column][\/vc_row][vc_row full_width=&#8220;stretch_row&#8220; css=&#8220;.vc_custom_1563521428760{padding-top: 30px !important;padding-bottom: 30px !important;}&#8220;][vc_column width=&#8220;1\/3&#8243;]<div class=\"icon_box icon_position_top no_border\"><div class=\"icon_wrapper\"><div class=\"icon\"><i class=\"icon-flash\"><\/i><\/div><\/div><div class=\"desc_wrapper\"><h4 class=\"title\">Sofort<\/h4><div class=\"desc\">Unsere Mission ist es, Premium Coaching jederzeit und \u00fcberall f\u00fcr alle Einkommensschichten zug\u00e4nglich zu machen. Heute genie\u00dfen Sie bereits den Komfort von Instant Messaging und Instant Booking. Mit KAHO k\u00f6nnen Sie jetzt auch den Luxus von Instant Coaching genie\u00dfen! Probieren Sie es aus und entdecken Sie jetzt unser Instant Coaching Angebot!<\/div><\/div><\/div>\n[\/vc_column][vc_column width=&#8220;1\/3&#8243;]<div class=\"icon_box icon_position_top no_border\"><div class=\"icon_wrapper\"><div class=\"icon\"><i class=\"icon-network\"><\/i><\/div><\/div><div class=\"desc_wrapper\"><h4 class=\"title\">Digital<\/h4><div class=\"desc\">Mit KAHO wird Coaching digital. Wir sind flexibel und coachen Sie online. \u00dcber unsere digitale Plattform k\u00f6nnen Sie ganz einfach einen Coach ausw\u00e4hlen, sofort mit dem Coaching beginnen oder einen Termin vereinbaren. Wir bieten Ihnen verschiedene M\u00f6glichkeiten, sich digital mit Ihrem bevorzugten Coach zu verbinden. Ohne Abonnement, ohne E-Mail-Werbung und ohne versteckte Geb\u00fchren. Erfahren Sie hier mehr \u00fcber unser digitales Coaching-Angebot.<\/div><\/div><\/div>\n[\/vc_column][vc_column width=&#8220;1\/3&#8243;]<div class=\"icon_box icon_position_top no_border\"><div class=\"icon_wrapper\"><div class=\"icon\"><i class=\"icon-user\"><\/i><\/div><\/div><div class=\"desc_wrapper\"><h4 class=\"title\">Menschlich<\/h4><div class=\"desc\">Wir haben KAHO mit einem klaren Ziel gegr\u00fcndet: die positive Reichweite von Premium Coaching zu erweitern, damit wir gemeinsam unsere F\u00e4higkeit des Menschseins in einer digitalen Welt st\u00e4rken.<\/div><\/div><\/div>\n[\/vc_column][\/vc_row][vc_row full_width=&#8220;stretch_row&#8220; content_placement=&#8220;middle&#8220; disable_element=&#8220;yes&#8220; css=&#8220;.vc_custom_1614922812445{margin-bottom: -50px !important;padding-top: 30px !important;padding-bottom: 0px !important;background-color: #f2f3f5 !important;}&#8220;][vc_column css_animation=&#8220;none&#8220; width=&#8220;1\/2&#8243;][vc_column_text]<\/p>\n<h4 style=\"text-align: center;\">M\u00f6chten Sie Premium Coaching selbst ausprobieren? Erfahren Sie hier mehr \u00fcber unsere individuellen Coaching-Angebote<\/h4>\n<p>[\/vc_column_text][\/vc_column][vc_column width=&#8220;1\/2&#8243;][vc_column_text]<\/p>\n<h4 style=\"text-align: center;\">Skalieren Sie das Coaching in Ihrem Unternehmen und bauen Sie mit unserem firmeneigenen Coaching eine Entwicklungskultur auf<\/h4>\n<p>[\/vc_column_text][\/vc_column][\/vc_row][vc_row full_width=&#8220;stretch_row&#8220; content_placement=&#8220;middle&#8220; css=&#8220;.vc_custom_1564762606444{padding-top: 0px !important;background-color: #f2f3f5 !important;}&#8220;][vc_column css_animation=&#8220;fadeIn&#8220; width=&#8220;1\/2&#8243;]<div class=\"zoom_box\"><a href=\"https:\/\/kaho-coaching.com\/individual-coaching\/\" ><div class=\"photo\"><img decoding=\"async\" class=\"scale-with-grid\" src=\"https:\/\/kaho-coaching.com\/wp-content\/uploads\/2019\/07\/individual-home.png\" alt=\"\" width=\"\" height=\"\"\/><\/div><div class=\"desc\" style=\"background-color:rgba(26, 93, 102, 0.8);\"><div class=\"desc_wrap\"><div class=\"desc_txt\">Individuelles Coaching<\/div><\/div><\/div><\/a><\/div>\n[\/vc_column][vc_column css_animation=&#8220;fadeIn&#8220; width=&#8220;1\/2&#8243;]<div class=\"zoom_box\"><a href=\"https:\/\/kaho-coaching.com\/company-coaching\/\" ><div class=\"photo\"><img decoding=\"async\" class=\"scale-with-grid\" src=\"https:\/\/kaho-coaching.com\/wp-content\/uploads\/2019\/07\/company-home.jpg\" alt=\"\" width=\"\" height=\"\"\/><\/div><div class=\"desc\" style=\"background-color:rgba(26, 93, 102, 0.8);\"><div class=\"desc_wrap\"><div class=\"desc_txt\">Firmeneigenes Coaching<\/div><\/div><\/div><\/a><\/div>\n[\/vc_column][\/vc_row][vc_row full_width=&#8220;stretch_row&#8220; content_placement=&#8220;middle&#8220; css=&#8220;.vc_custom_1564762914109{background-color: #f2f3f5 !important;}&#8220;][vc_column][vc_column_text]<\/p>\n<h3 style=\"text-align: center;\">Mit unseren Premium Coaching Services unterst\u00fctzen wir Sie beim Aufbau von Fokus, F\u00fchrung und Resilienz in einer digitalen Welt.<\/h3>\n<p>[\/vc_column_text][\/vc_column][\/vc_row][vc_row full_width=&#8220;stretch_row&#8220; content_placement=&#8220;middle&#8220; css=&#8220;.vc_custom_1564762923624{padding-bottom: 20px !important;background-color: #f2f3f5 !important;}&#8220;][vc_column css_animation=&#8220;fadeIn&#8220; width=&#8220;1\/3&#8243;]<div class=\"sliding_box\"><a href=\"https:\/\/kaho-coaching.com\/about\/#focus\" ><div class=\"photo_wrapper\"><img loading=\"lazy\" decoding=\"async\" class=\"scale-with-grid\" src=\"https:\/\/kaho-coaching.com\/wp-content\/uploads\/2019\/05\/BuildFocus.jpg\" alt=\"BuildFocus\" width=\"600\" height=\"397\"\/><\/div><div class=\"desc_wrapper\"><h4>FOKUS AUFBAUEN<\/h4><\/div><\/a><\/div>\n[\/vc_column][vc_column css_animation=&#8220;fadeIn&#8220; width=&#8220;1\/3&#8243;]<div class=\"sliding_box\"><a href=\"https:\/\/kaho-coaching.com\/about\/#focus\" ><div class=\"photo_wrapper\"><img decoding=\"async\" class=\"scale-with-grid\" src=\"https:\/\/kaho-coaching.com\/wp-content\/uploads\/2019\/07\/leadership-new.jpg\" alt=\"\" width=\"\" height=\"\"\/><\/div><div class=\"desc_wrapper\"><h4>F\u00dcHRUNG AUFBAUEN<\/h4><\/div><\/a><\/div>\n[\/vc_column][vc_column css_animation=&#8220;fadeIn&#8220; width=&#8220;1\/3&#8243;]<div class=\"sliding_box\"><a href=\"https:\/\/kaho-coaching.com\/about\/#focus\" ><div class=\"photo_wrapper\"><img decoding=\"async\" class=\"scale-with-grid\" src=\"https:\/\/kaho-coaching.com\/wp-content\/uploads\/2019\/07\/Resilience-new.jpg\" alt=\"\" width=\"\" height=\"\"\/><\/div><div class=\"desc_wrapper\"><h4>RESILIENZ AUFBAUEN<\/h4><\/div><\/a><\/div>\n[\/vc_column][\/vc_row][vc_row full_width=&#8220;stretch_row&#8220; content_placement=&#8220;middle&#8220; css=&#8220;.vc_custom_1563521270229{padding-top: 30px !important;padding-bottom: 30px !important;}&#8220;][vc_column width=&#8220;1\/2&#8243;][vc_column_text]<\/p>\n<h3 style=\"text-align: center;\">Unser Team aus qualifizierten und erfahrenen Co-Active Coaches vereint eine einzigartige Mischung aus vielf\u00e4ltigem beruflichen Hintergrund und Erfahrung. Wir coachen in 3 Sprachen und stehen Ihnen sofort zur Verf\u00fcgung.<\/h3>\n<p style=\"text-align: left;\"><div class=\"button_align align_center\"><a class=\"button  button_size_4 button_js\" href=\"https:\/\/kaho-coaching.com\/our-coaches\/\" style=\"color:#1A5D66;\"    ><span class=\"button_label\">Mehr erfahren<\/span><\/a><\/div>\n<p>[\/vc_column_text][\/vc_column][vc_column width=&#8220;1\/2&#8243;][vc_single_image image=&#8220;3159&#8243; img_size=&#8220;full&#8220; alignment=&#8220;center&#8220; style=&#8220;vc_box_rounded&#8220; css_animation=&#8220;fadeIn&#8220;][\/vc_column][\/vc_row][vc_row css=&#8220;.vc_custom_1563544043064{padding-top: 30px !important;padding-bottom: 30px !important;}&#8220; el_id=&#8220;kontakt&#8220;][vc_column][vc_row_inner content_placement=&#8220;middle&#8220; gap=&#8220;10&#8243;][vc_column_inner width=&#8220;1\/3&#8243; css=&#8220;.vc_custom_1563521654015{border-top-width: 2px !important;border-top-color: #1a5d66 !important;border-top-style: solid !important;}&#8220;][vc_column_text]<\/p>\n<h2>Kontaktieren Sie uns<\/h2>\n<p>[\/vc_column_text][\/vc_column_inner][vc_column_inner width=&#8220;2\/3&#8243;][vc_empty_space height=&#8220;15&#8243;][vc_column_text]KAHO Coaching Service GbR<\/p>\n<p>Am Kieselberg 23<br \/>\n76831 G\u00f6cklingen<br \/>\nTelefon: +49 15112676280[\/vc_column_text][\/vc_column_inner][\/vc_row_inner][vc_row_inner][vc_column_inner width=&#8220;2\/3&#8243;]<div role=\"form\" class=\"wpcf7\" id=\"wpcf7-f3168-o1\" lang=\"de-DE\" dir=\"ltr\">\n<div class=\"screen-reader-response\"><\/div>\n<form action=\"\/de\/wp-json\/wp\/v2\/pages\/3144#wpcf7-f3168-o1\" method=\"post\" class=\"wpcf7-form\" novalidate=\"novalidate\">\n<div style=\"display: none;\">\n<input type=\"hidden\" name=\"_wpcf7\" value=\"3168\" \/>\n<input type=\"hidden\" name=\"_wpcf7_version\" value=\"5.1.3\" \/>\n<input type=\"hidden\" name=\"_wpcf7_locale\" value=\"de_DE\" \/>\n<input type=\"hidden\" name=\"_wpcf7_unit_tag\" value=\"wpcf7-f3168-o1\" \/>\n<input type=\"hidden\" name=\"_wpcf7_container_post\" value=\"0\" \/>\n<\/div>\n<div class=\"column one-second\"><span class=\"wpcf7-form-control-wrap your-name\"><input type=\"text\" name=\"your-name\" value=\"\" size=\"40\" class=\"wpcf7-form-control wpcf7-text wpcf7-validates-as-required\" aria-required=\"true\" aria-invalid=\"false\" placeholder=\"Ihr vollst\u00e4ndiger Name\" \/><\/span> <\/div>\n<div class=\"column one-second\"><span class=\"wpcf7-form-control-wrap your-email\"><input type=\"email\" name=\"your-email\" value=\"\" size=\"40\" class=\"wpcf7-form-control wpcf7-text wpcf7-email wpcf7-validates-as-required wpcf7-validates-as-email\" aria-required=\"true\" aria-invalid=\"false\" placeholder=\"Ihre E-Mail-Adresse\" \/><\/span> <\/div>\n<div class=\"column one-second\"><span class=\"wpcf7-form-control-wrap your-mobile\"><input type=\"tel\" name=\"your-mobile\" value=\"\" size=\"40\" class=\"wpcf7-form-control wpcf7-text wpcf7-tel wpcf7-validates-as-required wpcf7-validates-as-tel\" aria-required=\"true\" aria-invalid=\"false\" placeholder=\"Ihre Telefonnummer\" \/><\/span> <\/div>\n<div class=\"column one-second\"><span class=\"wpcf7-form-control-wrap your-subject\"><input type=\"text\" name=\"your-subject\" value=\"\" size=\"40\" class=\"wpcf7-form-control wpcf7-text\" aria-invalid=\"false\" placeholder=\"Betreff\" \/><\/span> <\/div>\n<div class=\"column one\"><span class=\"wpcf7-form-control-wrap your-message\"><textarea name=\"your-message\" cols=\"40\" rows=\"8\" class=\"wpcf7-form-control wpcf7-textarea\" aria-invalid=\"false\" placeholder=\"Nachricht\"><\/textarea><\/span><\/div>\n<div class=\"column one\"><input type=\"submit\" value=\"NACHRICHT SENDEN\" class=\"wpcf7-form-control wpcf7-submit\" \/><\/div>\n<div class=\"wpcf7-response-output wpcf7-display-none\"><\/div><\/form><\/div>[\/vc_column_inner][\/vc_row_inner][\/vc_column][\/vc_row]<\/p>\n","protected":false},"excerpt":{"rendered":"<p>[vc_row full_width=&#8220;stretch_row&#8220; content_placement=&#8220;middle&#8220; css=&#8220;.vc_custom_1563520630936{padding-bottom: 30px !important;}&#8220;][vc_column width=&#8220;1\/3&#8243; css=&#8220;.vc_custom_1563514636117{background-position: center !important;background-repeat: no-repeat !important;background-size: contain !important;}&#8220;][vc_single_image image=&#8220;3160&#8243; img_size=&#8220;400&#215;400&#8243; alignment=&#8220;center&#8220; css_animation=&#8220;fadeIn&#8220;][\/vc_column][vc_column width=&#8220;2\/3&#8243;][vc_column_text] KAHO verfolgt ein klares Ziel: die positive<span class=\"excerpt-hellip\"> [\u2026]<\/span><\/p>\n","protected":false},"author":1,"featured_media":0,"parent":0,"menu_order":0,"comment_status":"closed","ping_status":"closed","template":"","meta":{"footnotes":""},"class_list":["post-3144","page","type-page","status-publish","hentry"],"_links":{"self":[{"href":"https:\/\/kaho-coaching.com\/de\/wp-json\/wp\/v2\/pages\/3144","targetHints":{"allow":["GET"]}}],"collection":[{"href":"https:\/\/kaho-coaching.com\/de\/wp-json\/wp\/v2\/pages"}],"about":[{"href":"https:\/\/kaho-coaching.com\/de\/wp-json\/wp\/v2\/types\/page"}],"author":[{"embeddable":true,"href":"https:\/\/kaho-coaching.com\/de\/wp-json\/wp\/v2\/users\/1"}],"replies":[{"embeddable":true,"href":"https:\/\/kaho-coaching.com\/de\/wp-json\/wp\/v2\/comments?post=3144"}],"version-history":[{"count":3,"href":"https:\/\/kaho-coaching.com\/de\/wp-json\/wp\/v2\/pages\/3144\/revisions"}],"predecessor-version":[{"id":3163,"href":"https:\/\/kaho-coaching.com\/de\/wp-json\/wp\/v2\/pages\/3144\/revisions\/3163"}],"wp:attachment":[{"href":"https:\/\/kaho-coaching.com\/de\/wp-json\/wp\/v2\/media?parent=3144"}],"curies":[{"name":"wp","href":"https:\/\/api.w.org\/{rel}","templated":true}]}}